{"id":21936,"date":"2024-04-18T23:02:51","date_gmt":"2024-04-18T23:02:51","guid":{"rendered":"https:\/\/bsit.com.br\/loja\/?post_type=product&#038;p=21936"},"modified":"2026-04-21T19:28:25","modified_gmt":"2026-04-21T19:28:25","slug":"terno-costume-cinza-la-fria-2","status":"publish","type":"product","link":"https:\/\/augustocamiseiro.com\/lojaweb\/produto\/terno-costume-cinza-la-fria-2\/","title":{"rendered":"Terno\/Costume Cinza L\u00e3 Fria"},"content":{"rendered":"<p>O terno\/costume cinza m\u00e9dio em l\u00e3 fria Super 110 da tecelagem italiana Reda\u00a0 \u00e9 uma \u00f3tima op\u00e7\u00e3o em qualquer guarda-roupa masculino.<\/p>\n<p>A l\u00e3 fria \u00e9, com certeza, o material mais nobre de toda alfaiataria, devido a proporcionar conforto t\u00e9rmico, respirar bem e ter um toque muito suave.<\/p>\n<p>Bem como disponibilizamos o melhor acabamento do mercado neste costume, repleto de detalhes advindos da alfaiataria artesanal, como o ponto picado em todas beiradas.<\/p>\n<p>Assim como um caimento perfeito com a finalidade de ter como resultado uma pe\u00e7a muito diferenciada.<\/p>\n<p>Portanto\u00a0 perfeita para\u00a0 ambientes de trabalho ou situa\u00e7\u00f5es formais.<\/p>\n<p><strong>\u00a0\u00a0\u00a0\u00a0\u00a0\u00a0 <\/strong><\/p>\n<h4><strong>\u00a0 \u00a0 \u00a0 \u00a0 \u00a0 \u00a0\u00a0 Caracter\u00edsticas<\/strong><\/h4>\n<ul>\n<li>Composi\u00e7\u00e3o : L\u00e3 fria Super 110<\/li>\n<li>Origem do tecido: Tecelagem Reda italiana<\/li>\n<li>2 bot\u00f5es e 2 aberturas.<\/li>\n<li>4 bolsos internos.<\/li>\n<li>Forro interno: 100%acetato.<\/li>\n<li>2 bolsos com lapela<\/li>\n<li>Op\u00e7\u00e3o normal e slimfit<\/li>\n<li>Acabamento na beira todo em ponto picado.<strong><br \/>\n<\/strong><\/li>\n<li>Cal\u00e7a sem pregas, forrada at\u00e9 o joelho<\/li>\n<\/ul>\n<p>&nbsp;<\/p>\n<h4><strong>\u00a0\u00a0\u00a0\u00a0\u00a0\u00a0 \u00a0 \u00a0 Sugest\u00f5es de uso e looks<\/strong><\/h4>\n<p>Este tom de cinza m\u00e9dio \u00e9, com certeza, uma cor muito cl\u00e1ssica para um costume, ou seja serve muito bem para ambientes profissionais . Do mesmo modo\u00a0 use em\u00a0 ocasi\u00f5es mais formais. \u00c9 perfeito para qualquer casamento, onde com certeza, o noivo vai estar muito elegante com um costume desses. Eventualmente saindo dos cinza chumbo e azul marinho.\u00a0 <strong>\u00a0 <\/strong><\/p>\n<p>Este costume \u00e9 muito f\u00e1cil de usar.\u00a0 Aposte em gravatas cinza ou pretas\u00a0 assim como tons de <a href=\"https:\/\/augustocamiseiro.com\/lojaweb\/?product=gravata-rosa-de-seda\"><span style=\"color: #0000ff;\">rosa,<\/span>\u00a0<\/a> <a href=\"https:\/\/www.instagram.com\/p\/CNdS03xJ4sh\/\">vermelho<\/a>, <a href=\"https:\/\/augustocamiseiro.com\/lojaweb\/?product=gravata-roxa-seda-quadrada\"><span style=\"color: #0000ff;\">roxo<\/span><\/a> ou laranja.<\/p>\n<p>Agora se quiser se diferenciar mesmo, use <a href=\"https:\/\/www.instagram.com\/p\/Bor7xqLABM7\/\"><span style=\"color: #0000ff;\">estas<\/span>.<\/a><\/p>\n<p>Quanto \u00e0s camisas ; <a href=\"https:\/\/augustocamiseiro.com\/lojaweb\/?product=camisa-social-branca-de-pinpoint\">brancas<\/a>, <a href=\"https:\/\/augustocamiseiro.com\/lojaweb\/?product=camisa-social-azul\">azuis<\/a>, <a href=\"https:\/\/www.instagram.com\/p\/CUaw0TfrYqD\/\">lil\u00e1s<\/a> e <a href=\"https:\/\/augustocamiseiro.com\/lojaweb\/?product=camisa-social-cinza\"><span style=\"color: #0000ff;\">cinzas<\/span><\/a> lisas, bem como <span style=\"color: #0000ff;\"><a style=\"color: #0000ff;\" href=\"https:\/\/www.instagram.com\/p\/CUVuFK1DCBS\/\">listras<\/a><\/span>\u00a0 e <a href=\"https:\/\/www.instagram.com\/p\/CWl3os7DdJC\/\"><span style=\"color: #0000ff;\">xadrezes<\/span><\/a> com esses tons . Ao mesmo tempo, que tal esta <a href=\"https:\/\/www.instagram.com\/p\/CNGNtF9rEdW\/\"><span style=\"color: #0000ff;\">combina\u00e7\u00e3o<\/span><\/a> ? Bem simples e chique. Da mesma forma esta <a href=\"https:\/\/www.instagram.com\/p\/CKzbZJOnRYS\/\"><span style=\"color: #0000ff;\">outra<\/span><\/a> mais formal.<\/p>\n<p>Certamente os sapatos pretos seriam o natural para acompanhar este costume, ainda assim, experimente um tom mais <a href=\"https:\/\/augustocamiseiro.com\/lojaweb\/?product=mocassim-whisky-de-couro\"><span style=\"color: #0000ff;\">whisky<\/span><\/a>\u00a0 para quebrar e deixar seu visual mais sofisticado.<\/p>\n<p>Com efeito o terno\/costume cinza l\u00e3 fria \u00e9 uma pe\u00e7a valiosa em seu closet.<\/p>\n","protected":false},"excerpt":{"rendered":"<p>Terno\/Costume\u00a0 cinza m\u00e9dio em l\u00e3 fria Super 110 italiana da Tecelagem Reda. <span style=\"color: #ff0000;\">ESTE PRODUTO EST\u00c1 DISPON\u00cdVEL PARA VENDA APENAS POR WHATSAPP.<\/span><\/p>\n","protected":false},"featured_media":22532,"comment_status":"open","ping_status":"closed","template":"","meta":{"_acf_changed":false},"product_brand":[],"product_cat":[385],"product_tag":[533,1001,534,1002,387,388,999,997,1003],"class_list":{"0":"post-21936","1":"product","2":"type-product","3":"status-publish","4":"has-post-thumbnail","6":"product_cat-ternos-costumes","7":"product_tag-costume-cinza","8":"product_tag-costume-cinza-medio","9":"product_tag-costume-de-la-fria","10":"product_tag-costume-reda","11":"product_tag-paleto-2-botoes","12":"product_tag-slimfit","13":"product_tag-super-110","14":"product_tag-terno-cinza","15":"product_tag-terno-de-la-fria-italiana","17":"first","18":"instock","19":"shipping-taxable","20":"purchasable","21":"product-type-simple"},"acf":[],"yoast_head":"<!-- This site is optimized with the Yoast SEO plugin v25.3.1 - https:\/\/yoast.com\/wordpress\/plugins\/seo\/ -->\n<title>Terno\/Costume Cinza L\u00e3 Fria - Augusto Camiseiro<\/title>\n<meta name=\"description\" content=\"Terno\/costume cinza l\u00e3 fria Super 110 italiana. Um tom de cinza m\u00e9dio, com op\u00e7\u00e3o slimfit, perfeito para qualquer situa\u00e7\u00e3o.\" \/>\n<meta name=\"robots\" content=\"index, follow, max-snippet:-1, max-image-preview:large, max-video-preview:-1\" \/>\n<link rel=\"canonical\" href=\"https:\/\/augustocamiseiro.com\/lojaweb\/produto\/terno-costume-cinza-la-fria-2\/\" \/>\n<meta property=\"og:locale\" content=\"pt_BR\" \/>\n<meta property=\"og:type\" content=\"article\" \/>\n<meta property=\"og:title\" content=\"Terno\/Costume Cinza L\u00e3 Fria - Augusto Camiseiro\" \/>\n<meta property=\"og:description\" content=\"Terno\/costume cinza l\u00e3 fria Super 110 italiana. Um tom de cinza m\u00e9dio, com op\u00e7\u00e3o slimfit, perfeito para qualquer situa\u00e7\u00e3o.\" \/>\n<meta property=\"og:url\" content=\"https:\/\/augustocamiseiro.com\/lojaweb\/produto\/terno-costume-cinza-la-fria-2\/\" \/>\n<meta property=\"og:site_name\" content=\"Augusto Camiseiro\" \/>\n<meta property=\"article:modified_time\" content=\"2026-04-21T19:28:25+00:00\" \/>\n<meta property=\"og:image\" content=\"https:\/\/augustocamiseiro.com\/lojaweb\/wp-content\/uploads\/2024\/04\/SAMUEL-K._Site-95.jpg\" \/>\n\t<meta property=\"og:image:width\" content=\"1000\" \/>\n\t<meta property=\"og:image:height\" content=\"1000\" \/>\n\t<meta property=\"og:image:type\" content=\"image\/jpeg\" \/>\n<meta name=\"twitter:card\" content=\"summary_large_image\" \/>\n<meta name=\"twitter:label1\" content=\"Est. tempo de leitura\" \/>\n\t<meta name=\"twitter:data1\" content=\"2 minutos\" \/>\n<!-- \/ Yoast SEO plugin. -->","yoast_head_json":{"title":"Terno\/Costume Cinza L\u00e3 Fria - Augusto Camiseiro","description":"Terno\/costume cinza l\u00e3 fria Super 110 italiana. Um tom de cinza m\u00e9dio, com op\u00e7\u00e3o slimfit, perfeito para qualquer situa\u00e7\u00e3o.","robots":{"index":"index","follow":"follow","max-snippet":"max-snippet:-1","max-image-preview":"max-image-preview:large","max-video-preview":"max-video-preview:-1"},"canonical":"https:\/\/augustocamiseiro.com\/lojaweb\/produto\/terno-costume-cinza-la-fria-2\/","og_locale":"pt_BR","og_type":"article","og_title":"Terno\/Costume Cinza L\u00e3 Fria - Augusto Camiseiro","og_description":"Terno\/costume cinza l\u00e3 fria Super 110 italiana. Um tom de cinza m\u00e9dio, com op\u00e7\u00e3o slimfit, perfeito para qualquer situa\u00e7\u00e3o.","og_url":"https:\/\/augustocamiseiro.com\/lojaweb\/produto\/terno-costume-cinza-la-fria-2\/","og_site_name":"Augusto Camiseiro","article_modified_time":"2026-04-21T19:28:25+00:00","og_image":[{"width":1000,"height":1000,"url":"https:\/\/augustocamiseiro.com\/lojaweb\/wp-content\/uploads\/2024\/04\/SAMUEL-K._Site-95.jpg","type":"image\/jpeg"}],"twitter_card":"summary_large_image","twitter_misc":{"Est. tempo de leitura":"2 minutos"},"schema":{"@context":"https:\/\/schema.org","@graph":[{"@type":"WebPage","@id":"https:\/\/augustocamiseiro.com\/lojaweb\/produto\/terno-costume-cinza-la-fria-2\/","url":"https:\/\/augustocamiseiro.com\/lojaweb\/produto\/terno-costume-cinza-la-fria-2\/","name":"Terno\/Costume Cinza L\u00e3 Fria - Augusto Camiseiro","isPartOf":{"@id":"https:\/\/augustocamiseiro.com\/lojaweb\/#website"},"primaryImageOfPage":{"@id":"https:\/\/augustocamiseiro.com\/lojaweb\/produto\/terno-costume-cinza-la-fria-2\/#primaryimage"},"image":{"@id":"https:\/\/augustocamiseiro.com\/lojaweb\/produto\/terno-costume-cinza-la-fria-2\/#primaryimage"},"thumbnailUrl":"https:\/\/i0.wp.com\/augustocamiseiro.com\/lojaweb\/wp-content\/uploads\/2024\/04\/SAMUEL-K._Site-95.jpg?fit=1000%2C1000&ssl=1","datePublished":"2024-04-18T23:02:51+00:00","dateModified":"2026-04-21T19:28:25+00:00","description":"Terno\/costume cinza l\u00e3 fria Super 110 italiana. Um tom de cinza m\u00e9dio, com op\u00e7\u00e3o slimfit, perfeito para qualquer situa\u00e7\u00e3o.","breadcrumb":{"@id":"https:\/\/augustocamiseiro.com\/lojaweb\/produto\/terno-costume-cinza-la-fria-2\/#breadcrumb"},"inLanguage":"pt-BR","potentialAction":[{"@type":"ReadAction","target":["https:\/\/augustocamiseiro.com\/lojaweb\/produto\/terno-costume-cinza-la-fria-2\/"]}]},{"@type":"ImageObject","inLanguage":"pt-BR","@id":"https:\/\/augustocamiseiro.com\/lojaweb\/produto\/terno-costume-cinza-la-fria-2\/#primaryimage","url":"https:\/\/i0.wp.com\/augustocamiseiro.com\/lojaweb\/wp-content\/uploads\/2024\/04\/SAMUEL-K._Site-95.jpg?fit=1000%2C1000&ssl=1","contentUrl":"https:\/\/i0.wp.com\/augustocamiseiro.com\/lojaweb\/wp-content\/uploads\/2024\/04\/SAMUEL-K._Site-95.jpg?fit=1000%2C1000&ssl=1","width":1000,"height":1000},{"@type":"BreadcrumbList","@id":"https:\/\/augustocamiseiro.com\/lojaweb\/produto\/terno-costume-cinza-la-fria-2\/#breadcrumb","itemListElement":[{"@type":"ListItem","position":1,"name":"In\u00edcio","item":"https:\/\/augustocamiseiro.com\/lojaweb\/"},{"@type":"ListItem","position":2,"name":"Shop","item":"https:\/\/augustocamiseiro.com\/lojaweb\/shop\/"},{"@type":"ListItem","position":3,"name":"Terno\/Costume Cinza L\u00e3 Fria"}]},{"@type":"WebSite","@id":"https:\/\/augustocamiseiro.com\/lojaweb\/#website","url":"https:\/\/augustocamiseiro.com\/lojaweb\/","name":"Augusto Camiseiro","description":"Roupa Masculina","publisher":{"@id":"https:\/\/augustocamiseiro.com\/lojaweb\/#organization"},"potentialAction":[{"@type":"SearchAction","target":{"@type":"EntryPoint","urlTemplate":"https:\/\/augustocamiseiro.com\/lojaweb\/?s={search_term_string}"},"query-input":{"@type":"PropertyValueSpecification","valueRequired":true,"valueName":"search_term_string"}}],"inLanguage":"pt-BR"},{"@type":"Organization","@id":"https:\/\/augustocamiseiro.com\/lojaweb\/#organization","name":"Augusto Camiseiro","url":"https:\/\/augustocamiseiro.com\/lojaweb\/","logo":{"@type":"ImageObject","inLanguage":"pt-BR","@id":"https:\/\/augustocamiseiro.com\/lojaweb\/#\/schema\/logo\/image\/","url":"https:\/\/i0.wp.com\/augustocamiseiro.com\/lojaweb\/wp-content\/uploads\/2024\/04\/cropped-logo-augusto-white-1.png?fit=550%2C310&ssl=1","contentUrl":"https:\/\/i0.wp.com\/augustocamiseiro.com\/lojaweb\/wp-content\/uploads\/2024\/04\/cropped-logo-augusto-white-1.png?fit=550%2C310&ssl=1","width":550,"height":310,"caption":"Augusto Camiseiro"},"image":{"@id":"https:\/\/augustocamiseiro.com\/lojaweb\/#\/schema\/logo\/image\/"}}]}},"jetpack_sharing_enabled":true,"_links":{"self":[{"href":"https:\/\/augustocamiseiro.com\/lojaweb\/wp-json\/wp\/v2\/product\/21936","targetHints":{"allow":["GET"]}}],"collection":[{"href":"https:\/\/augustocamiseiro.com\/lojaweb\/wp-json\/wp\/v2\/product"}],"about":[{"href":"https:\/\/augustocamiseiro.com\/lojaweb\/wp-json\/wp\/v2\/types\/product"}],"replies":[{"embeddable":true,"href":"https:\/\/augustocamiseiro.com\/lojaweb\/wp-json\/wp\/v2\/comments?post=21936"}],"wp:featuredmedia":[{"embeddable":true,"href":"https:\/\/augustocamiseiro.com\/lojaweb\/wp-json\/wp\/v2\/media\/22532"}],"wp:attachment":[{"href":"https:\/\/augustocamiseiro.com\/lojaweb\/wp-json\/wp\/v2\/media?parent=21936"}],"wp:term":[{"taxonomy":"product_brand","embeddable":true,"href":"https:\/\/augustocamiseiro.com\/lojaweb\/wp-json\/wp\/v2\/product_brand?post=21936"},{"taxonomy":"product_cat","embeddable":true,"href":"https:\/\/augustocamiseiro.com\/lojaweb\/wp-json\/wp\/v2\/product_cat?post=21936"},{"taxonomy":"product_tag","embeddable":true,"href":"https:\/\/augustocamiseiro.com\/lojaweb\/wp-json\/wp\/v2\/product_tag?post=21936"}],"curies":[{"name":"wp","href":"https:\/\/api.w.org\/{rel}","templated":true}]}}