{"id":21879,"date":"2024-04-18T22:59:00","date_gmt":"2024-04-18T22:59:00","guid":{"rendered":"https:\/\/bsit.com.br\/loja\/?post_type=product&#038;p=21879"},"modified":"2026-04-15T20:37:40","modified_gmt":"2026-04-15T20:37:40","slug":"calca-sarja-elastano-bege","status":"publish","type":"product","link":"https:\/\/augustocamiseiro.com\/lojaweb\/produto\/calca-sarja-elastano-bege\/","title":{"rendered":"Cal\u00e7a Sarja Elastano Bege"},"content":{"rendered":"<p>Cal\u00e7a sarja elastano bege \u00e9 uma excelente op\u00e7\u00e3o de cal\u00e7a casual devido a sua composi\u00e7\u00e3o, cor e caimento slim.<\/p>\n<p>Depois dos azuis, com certeza os tons de bege s\u00e3o \u00f3timas alternativas de cal\u00e7a sarja casual. Devido a ser uma cor neutra\u00a0 que combina com tudo.<\/p>\n<p>Igualmente se tem muito conforto e muito estilo, pois seu caimento\u00a0 slimfit empresta um visual moderno.<\/p>\n<p>O que se pode querer al\u00e9m de caimento, conforto e praticidade?<\/p>\n<p>&nbsp;<\/p>\n<p><strong>Caracter\u00edsticas\u00a0<\/strong><\/p>\n<p>&nbsp;<\/p>\n<ul>\n<li>Modelagem\u00a0 slimfit.<\/li>\n<li>Acabamentos internos esportivos.<\/li>\n<li>Bolso faca.<\/li>\n<li>Composi\u00e7\u00e3o 98% algod\u00e3o 2% elastano.<\/li>\n<li>Acabamento peletizado ( amaciado ).<\/li>\n<li>Pode ser lavada em casa.<\/li>\n<\/ul>\n<p>&nbsp;<\/p>\n<p><strong>Usos e looks<\/strong><\/p>\n<p>&nbsp;<\/p>\n<p>Pode usar\u00a0 tanto em situa\u00e7\u00f5es\u00a0 casuais como em ambiente de trabalho mais relaxados.<\/p>\n<p>Assim sendo\u00a0 esta \u00e9 uma pe\u00e7a extremamente vers\u00e1til.<\/p>\n<p>Observe esta <span style=\"color: #0000ff\"><a style=\"color: #0000ff\" href=\"https:\/\/www.instagram.com\/p\/CLsC79mp1i1\/\">combina\u00e7\u00e3o<\/a><\/span> que pode ser usada tranquilamente em qualquer situa\u00e7\u00e3o mais casual ou at\u00e9 em um casamento de praia por exemplo.<\/p>\n<p>Assim como\u00a0 <a href=\"https:\/\/www.instagram.com\/p\/Cbs9nR_LVZN\/\"><span style=\"color: #0000ff\">camisas azuis<\/span><\/a><span style=\"color: #0000ff\">,<\/span> <span style=\"color: #0000ff\"><a style=\"color: #0000ff\" href=\"https:\/\/www.instagram.com\/p\/CbQkLvbr_IM\/\">listrada vinho<\/a><\/span> ou <span style=\"color: #0000ff\"><a style=\"color: #0000ff\" href=\"https:\/\/www.instagram.com\/p\/COvoWueAsc-\/\">listrada azul\u00a0<\/a><\/span> ficam \u00f3timas com esta cal\u00e7a. Ao mesmo tempo que camisas<span style=\"color: #0000ff\"><a style=\"color: #0000ff\" href=\"https:\/\/www.instagram.com\/p\/CbQkLvbr_IM\/\"> lil\u00e1s<\/a><\/span> ou <a href=\"https:\/\/augustocamiseiro.com\/lojaweb\/?product=camisa-social-cinza\"><span style=\"color: #0000ff\">cinzas<\/span><\/a> tamb\u00e9m combinam dando outro tom para o visual.<\/p>\n<p>Certamente esta cal\u00e7a de sarja elastano bege \u00e9 perfeita para usar com qualquer uma destas camisas em um contexto mais casual: camisa <a href=\"https:\/\/augustocamiseiro.com\/lojaweb\/?product=camisa-xadrez-roxa-e-amarela\"><span style=\"color: #0000ff\">xadrez roxa e amarela<\/span><\/a> e <a href=\"https:\/\/www.instagram.com\/p\/CLNjYb2MTA8\/\"><span style=\"color: #0000ff\">camisa xadrez azul e vermelha<\/span><\/a><span style=\"color: #0000ff\">.<\/span><\/p>\n<p>E qual seria o sapato perfeito? Use principalmente os tons <span style=\"color: #0000ff\"><a style=\"color: #0000ff\" href=\"https:\/\/augustocamiseiro.com\/lojaweb\/?product=sapato-derby-camurca-marrom\">derby<\/a><\/span>, <a href=\"https:\/\/augustocamiseiro.com\/lojaweb\/?product=sapatenis-masculino-couro-cafe\"><span style=\"color: #0000ff\">caf\u00e9<\/span><\/a> e <a href=\"https:\/\/augustocamiseiro.com\/lojaweb\/?product=__trashed-2\">mocassim<\/a>. Por\u00e9m tamb\u00e9m pode usar <a href=\"https:\/\/augustocamiseiro.com\/lojaweb\/?product=mocassim-loafer-camurca-azul\"><span style=\"color: #0000ff\">azuis<\/span><\/a> e <a href=\"https:\/\/augustocamiseiro.com\/lojaweb\/?product=sapato-social-couro-com-recorte\"><span style=\"color: #0000ff\">pretos.<\/span><\/a> Cor neutra \u00e9 assim, cabe com tudo.<\/p>\n<p>&nbsp;<\/p>\n<p>&nbsp;<\/p>\n<p>ESTA PE\u00c7A VAI SEM A BARRA COSTURADA.<\/p>\n<p>\u00c9 NECESS\u00c1RIO AJUST\u00c1-LA CONFORME SUA ALTURA.<\/p>\n","protected":false},"excerpt":{"rendered":"<p>Cal\u00e7a sarja elastano bege. Composi\u00e7\u00e3o 98% algod\u00e3o 2% elastano.<\/p>\n","protected":false},"featured_media":21912,"comment_status":"open","ping_status":"closed","template":"","meta":{"_acf_changed":false},"product_brand":[],"product_cat":[362,1061,1062,1063],"product_tag":[409,417,418,419,420,413],"class_list":{"0":"post-21879","1":"product","2":"type-product","3":"status-publish","4":"has-post-thumbnail","6":"product_cat-calcas","7":"product_cat-festa-de-fim-de-ano-azul","8":"product_cat-festa-em-familia-festas-de-fim-de-ano","9":"product_cat-festa-na-empresa-tons-claros","10":"product_tag-calca","11":"product_tag-calca-bege","12":"product_tag-calca-casual","13":"product_tag-calca-sarja","14":"product_tag-calca-sarja-elastano-bege","15":"product_tag-calca-de-sarja","17":"first","18":"instock","19":"shipping-taxable","20":"purchasable","21":"product-type-variable"},"acf":[],"yoast_head":"<!-- This site is optimized with the Yoast SEO plugin v25.3.1 - https:\/\/yoast.com\/wordpress\/plugins\/seo\/ -->\n<title>Cal\u00e7a Sarja Elastano Bege - Augusto Camiseiro<\/title>\n<meta name=\"description\" content=\"Cal\u00e7a sarja elastano bege. Composi\u00e7\u00e3o 98%algod\u00e3o2%elastano. Modelagem slimfit. Cal\u00e7a casual despojada com cor neutra. Conforto e estilo.\" \/>\n<meta name=\"robots\" content=\"index, follow, max-snippet:-1, max-image-preview:large, max-video-preview:-1\" \/>\n<link rel=\"canonical\" href=\"https:\/\/augustocamiseiro.com\/lojaweb\/produto\/calca-sarja-elastano-bege\/\" \/>\n<meta property=\"og:locale\" content=\"pt_BR\" \/>\n<meta property=\"og:type\" content=\"article\" \/>\n<meta property=\"og:title\" content=\"Cal\u00e7a Sarja Elastano Bege - Augusto Camiseiro\" \/>\n<meta property=\"og:description\" content=\"Cal\u00e7a sarja elastano bege. Composi\u00e7\u00e3o 98%algod\u00e3o2%elastano. Modelagem slimfit. Cal\u00e7a casual despojada com cor neutra. Conforto e estilo.\" \/>\n<meta property=\"og:url\" content=\"https:\/\/augustocamiseiro.com\/lojaweb\/produto\/calca-sarja-elastano-bege\/\" \/>\n<meta property=\"og:site_name\" content=\"Augusto Camiseiro\" \/>\n<meta property=\"article:modified_time\" content=\"2026-04-15T20:37:40+00:00\" \/>\n<meta property=\"og:image\" content=\"https:\/\/augustocamiseiro.com\/lojaweb\/wp-content\/uploads\/2024\/04\/05112020-C7D36958-Editar.jpg\" \/>\n\t<meta property=\"og:image:width\" content=\"1080\" \/>\n\t<meta property=\"og:image:height\" content=\"1350\" \/>\n\t<meta property=\"og:image:type\" content=\"image\/jpeg\" \/>\n<meta name=\"twitter:card\" content=\"summary_large_image\" \/>\n<meta name=\"twitter:label1\" content=\"Est. tempo de leitura\" \/>\n\t<meta name=\"twitter:data1\" content=\"2 minutos\" \/>\n<!-- \/ Yoast SEO plugin. -->","yoast_head_json":{"title":"Cal\u00e7a Sarja Elastano Bege - Augusto Camiseiro","description":"Cal\u00e7a sarja elastano bege. Composi\u00e7\u00e3o 98%algod\u00e3o2%elastano. Modelagem slimfit. Cal\u00e7a casual despojada com cor neutra. Conforto e estilo.","robots":{"index":"index","follow":"follow","max-snippet":"max-snippet:-1","max-image-preview":"max-image-preview:large","max-video-preview":"max-video-preview:-1"},"canonical":"https:\/\/augustocamiseiro.com\/lojaweb\/produto\/calca-sarja-elastano-bege\/","og_locale":"pt_BR","og_type":"article","og_title":"Cal\u00e7a Sarja Elastano Bege - Augusto Camiseiro","og_description":"Cal\u00e7a sarja elastano bege. Composi\u00e7\u00e3o 98%algod\u00e3o2%elastano. Modelagem slimfit. Cal\u00e7a casual despojada com cor neutra. Conforto e estilo.","og_url":"https:\/\/augustocamiseiro.com\/lojaweb\/produto\/calca-sarja-elastano-bege\/","og_site_name":"Augusto Camiseiro","article_modified_time":"2026-04-15T20:37:40+00:00","og_image":[{"width":1080,"height":1350,"url":"https:\/\/augustocamiseiro.com\/lojaweb\/wp-content\/uploads\/2024\/04\/05112020-C7D36958-Editar.jpg","type":"image\/jpeg"}],"twitter_card":"summary_large_image","twitter_misc":{"Est. tempo de leitura":"2 minutos"},"schema":{"@context":"https:\/\/schema.org","@graph":[{"@type":"WebPage","@id":"https:\/\/augustocamiseiro.com\/lojaweb\/produto\/calca-sarja-elastano-bege\/","url":"https:\/\/augustocamiseiro.com\/lojaweb\/produto\/calca-sarja-elastano-bege\/","name":"Cal\u00e7a Sarja Elastano Bege - Augusto Camiseiro","isPartOf":{"@id":"https:\/\/augustocamiseiro.com\/lojaweb\/#website"},"primaryImageOfPage":{"@id":"https:\/\/augustocamiseiro.com\/lojaweb\/produto\/calca-sarja-elastano-bege\/#primaryimage"},"image":{"@id":"https:\/\/augustocamiseiro.com\/lojaweb\/produto\/calca-sarja-elastano-bege\/#primaryimage"},"thumbnailUrl":"https:\/\/i0.wp.com\/augustocamiseiro.com\/lojaweb\/wp-content\/uploads\/2024\/04\/05112020-C7D36958-Editar.jpg?fit=1080%2C1350&ssl=1","datePublished":"2024-04-18T22:59:00+00:00","dateModified":"2026-04-15T20:37:40+00:00","description":"Cal\u00e7a sarja elastano bege. Composi\u00e7\u00e3o 98%algod\u00e3o2%elastano. Modelagem slimfit. Cal\u00e7a casual despojada com cor neutra. Conforto e estilo.","breadcrumb":{"@id":"https:\/\/augustocamiseiro.com\/lojaweb\/produto\/calca-sarja-elastano-bege\/#breadcrumb"},"inLanguage":"pt-BR","potentialAction":[{"@type":"ReadAction","target":["https:\/\/augustocamiseiro.com\/lojaweb\/produto\/calca-sarja-elastano-bege\/"]}]},{"@type":"ImageObject","inLanguage":"pt-BR","@id":"https:\/\/augustocamiseiro.com\/lojaweb\/produto\/calca-sarja-elastano-bege\/#primaryimage","url":"https:\/\/i0.wp.com\/augustocamiseiro.com\/lojaweb\/wp-content\/uploads\/2024\/04\/05112020-C7D36958-Editar.jpg?fit=1080%2C1350&ssl=1","contentUrl":"https:\/\/i0.wp.com\/augustocamiseiro.com\/lojaweb\/wp-content\/uploads\/2024\/04\/05112020-C7D36958-Editar.jpg?fit=1080%2C1350&ssl=1","width":1080,"height":1350},{"@type":"BreadcrumbList","@id":"https:\/\/augustocamiseiro.com\/lojaweb\/produto\/calca-sarja-elastano-bege\/#breadcrumb","itemListElement":[{"@type":"ListItem","position":1,"name":"In\u00edcio","item":"https:\/\/augustocamiseiro.com\/lojaweb\/"},{"@type":"ListItem","position":2,"name":"Shop","item":"https:\/\/augustocamiseiro.com\/lojaweb\/shop\/"},{"@type":"ListItem","position":3,"name":"Cal\u00e7a Sarja Elastano Bege"}]},{"@type":"WebSite","@id":"https:\/\/augustocamiseiro.com\/lojaweb\/#website","url":"https:\/\/augustocamiseiro.com\/lojaweb\/","name":"Augusto Camiseiro","description":"Roupa Masculina","publisher":{"@id":"https:\/\/augustocamiseiro.com\/lojaweb\/#organization"},"potentialAction":[{"@type":"SearchAction","target":{"@type":"EntryPoint","urlTemplate":"https:\/\/augustocamiseiro.com\/lojaweb\/?s={search_term_string}"},"query-input":{"@type":"PropertyValueSpecification","valueRequired":true,"valueName":"search_term_string"}}],"inLanguage":"pt-BR"},{"@type":"Organization","@id":"https:\/\/augustocamiseiro.com\/lojaweb\/#organization","name":"Augusto Camiseiro","url":"https:\/\/augustocamiseiro.com\/lojaweb\/","logo":{"@type":"ImageObject","inLanguage":"pt-BR","@id":"https:\/\/augustocamiseiro.com\/lojaweb\/#\/schema\/logo\/image\/","url":"https:\/\/i0.wp.com\/augustocamiseiro.com\/lojaweb\/wp-content\/uploads\/2024\/04\/cropped-logo-augusto-white-1.png?fit=550%2C310&ssl=1","contentUrl":"https:\/\/i0.wp.com\/augustocamiseiro.com\/lojaweb\/wp-content\/uploads\/2024\/04\/cropped-logo-augusto-white-1.png?fit=550%2C310&ssl=1","width":550,"height":310,"caption":"Augusto Camiseiro"},"image":{"@id":"https:\/\/augustocamiseiro.com\/lojaweb\/#\/schema\/logo\/image\/"}}]}},"jetpack_sharing_enabled":true,"_links":{"self":[{"href":"https:\/\/augustocamiseiro.com\/lojaweb\/wp-json\/wp\/v2\/product\/21879","targetHints":{"allow":["GET"]}}],"collection":[{"href":"https:\/\/augustocamiseiro.com\/lojaweb\/wp-json\/wp\/v2\/product"}],"about":[{"href":"https:\/\/augustocamiseiro.com\/lojaweb\/wp-json\/wp\/v2\/types\/product"}],"replies":[{"embeddable":true,"href":"https:\/\/augustocamiseiro.com\/lojaweb\/wp-json\/wp\/v2\/comments?post=21879"}],"wp:featuredmedia":[{"embeddable":true,"href":"https:\/\/augustocamiseiro.com\/lojaweb\/wp-json\/wp\/v2\/media\/21912"}],"wp:attachment":[{"href":"https:\/\/augustocamiseiro.com\/lojaweb\/wp-json\/wp\/v2\/media?parent=21879"}],"wp:term":[{"taxonomy":"product_brand","embeddable":true,"href":"https:\/\/augustocamiseiro.com\/lojaweb\/wp-json\/wp\/v2\/product_brand?post=21879"},{"taxonomy":"product_cat","embeddable":true,"href":"https:\/\/augustocamiseiro.com\/lojaweb\/wp-json\/wp\/v2\/product_cat?post=21879"},{"taxonomy":"product_tag","embeddable":true,"href":"https:\/\/augustocamiseiro.com\/lojaweb\/wp-json\/wp\/v2\/product_tag?post=21879"}],"curies":[{"name":"wp","href":"https:\/\/api.w.org\/{rel}","templated":true}]}}