{"id":21797,"date":"2024-09-09T22:53:06","date_gmt":"2024-09-09T22:53:06","guid":{"rendered":"https:\/\/bsit.com.br\/loja\/?post_type=product&#038;p=21797"},"modified":"2026-04-15T20:39:26","modified_gmt":"2026-04-15T20:39:26","slug":"calca-alfaiataria-super-120-cinza","status":"publish","type":"product","link":"https:\/\/augustocamiseiro.com\/lojaweb\/produto\/calca-alfaiataria-super-120-cinza\/","title":{"rendered":"Cal\u00e7a Alfaiataria Super 120 Cinza"},"content":{"rendered":"<p>Cal\u00e7a social cinza alfaiataria de l\u00e3 fria super 120.<\/p>\n<p>Essa \u00e9 a mesma mat\u00e9ria prima que usamos na maioria de nossas cal\u00e7as sob medida.<\/p>\n<p>Portanto conhecemos muito bem seu comportamento.<\/p>\n<p>Com efeito, uma cal\u00e7a de toque muito agrad\u00e1vel.<\/p>\n<p>Ali\u00e1s a l\u00e3 fria \u00e9, com certeza, o material mais nobre de toda alfaiataria.<\/p>\n<p>Proporciona conforto t\u00e9rmico, respira bem e toque muito suave.<\/p>\n<p>Assim como disponibilizamos o melhor acabamento do mercado nesta cal\u00e7a.<\/p>\n<p>Repleto de detalhes advindos da alfaiataria artesanal. Al\u00e9m do caimento perfeito.<\/p>\n<p>Com certeza uma pe\u00e7a muito diferenciada.<\/p>\n<p>Portanto\u00a0 perfeita para\u00a0 ambientes de trabalho mais formais.<\/p>\n<p>&nbsp;<\/p>\n<h4><strong>Caracter\u00edsticas<\/strong><\/h4>\n<p>&nbsp;<\/p>\n<ul style=\"list-style-type: circle\">\n<li>Forrada\u00a0 at\u00e9 o joelho.<\/li>\n<li>Sem pregas.<\/li>\n<li>Modelagem tradicional e simfit.<\/li>\n<li>Bolso faca frontal.<\/li>\n<li>Bolsos atr\u00e1s com caseado.<\/li>\n<li>Bolsinho frontal escondido.<\/li>\n<li>L\u00e3 fria Super 120 fabricada pela Tecelagem Paramount.<\/li>\n<\/ul>\n<p>&nbsp;<\/p>\n<h4><strong>Usos e looks ( cinza m\u00e9dio e cinza chumbo)<br \/>\n<\/strong><\/h4>\n<p>&nbsp;<\/p>\n<p>Certamente combina\u00a0 com uma <a href=\"https:\/\/augustocamiseiro.com\/lojaweb\/?product=camisa-social-azul\"><span style=\"color: #0000ff\">camisa azul<\/span><\/a><span style=\"color: #0000ff\">\u00a0 <span style=\"color: #000000\">assim como uma <span style=\"color: #0000ff\"><a style=\"color: #0000ff\" href=\"https:\/\/www.instagram.com\/p\/CcqvF5frTZL\/\">lil\u00e1s<\/a>.\u00a0<\/span><\/span><\/span><\/p>\n<p>Igualmente,\u00a0 experimente uma <a href=\"https:\/\/www.instagram.com\/p\/CPTyyyXt6Wt\/\"><span style=\"color: #0000ff\">camisa listrada vinho<\/span><\/a><span style=\"color: #0000ff\">\u00a0<\/span> em combina\u00e7\u00e3o\u00a0 com um\u00a0<span style=\"color: #0000ff\"> <a style=\"color: #0000ff\" href=\"https:\/\/augustocamiseiro.com\/lojaweb\/?product=mocassim-couro-camurca-cafe\">sapato mocassim.<\/a>\u00a0<\/span><\/p>\n<p>Vinho,cinza e havana s\u00e3o uma combina\u00e7\u00e3o muito sofisticada. Pode arriscar.<\/p>\n<p>Do mesmo modo esta <span style=\"color: #0000ff\"><a style=\"color: #0000ff\" href=\"https:\/\/www.instagram.com\/p\/CKPYCXYJuu8\/\">combina\u00e7\u00e3o<\/a><\/span> fica muito boa.<\/p>\n<p>Consegue imaginar esta cal\u00e7a dentro deste <a href=\"https:\/\/www.instagram.com\/p\/CFfkBQqnBvL\/\"><span style=\"color: #0000ff\">conjunto<\/span><\/a>? Simplesmente maravilhoso.<\/p>\n<p>Em resumo, a cal\u00e7a social cinza alfaiataria Super 120 \u00e9 um coringa\u00a0 de qualquer guarda roupa masculino.<\/p>\n<p>Devido \u00e0 sua versatilidade e \u00e0 sua qualidade.<\/p>\n<p>&nbsp;<\/p>\n<h4><strong>Usos e looks (cinza claro)<br \/>\n<\/strong><\/h4>\n<p>&nbsp;<\/p>\n<p>Esta cal\u00e7a combina\u00a0 com uma <a href=\"https:\/\/augustocamiseiro.com\/lojaweb\/?product=camisa-social-azul\"><span style=\"color: #0000ff\">camisa azul<\/span><\/a>, assim como com uma <span style=\"color: #0000ff\"><a style=\"color: #0000ff\" href=\"https:\/\/www.instagram.com\/p\/CcqvF5frTZL\/\">lil\u00e1s<\/a>.<\/span><\/p>\n<p>Juntamente com este <span style=\"color: #0000ff\"><a style=\"color: #0000ff\" href=\"https:\/\/augustocamiseiro.com\/lojaweb\/?product=blazer-alfaiataria-xadrez-azul\">blazer,<\/a> <\/span>que vai com as duas camisas, teremos um visual muito jovial e arrumado.<\/p>\n<p>E que tal estas <a href=\"https:\/\/www.instagram.com\/p\/CJ6xynJrkl_\/\"> meias\u00a0<\/a> com esta <a href=\"https:\/\/www.instagram.com\/p\/CLNjYb2MTA8\/\">camisa<\/a>\u00a0 em uma ocasi\u00e3o mais casual ?<\/p>\n<p>Nossa recomenda\u00e7\u00e3o para os sapatos vai desde o <a href=\"https:\/\/augustocamiseiro.com\/lojaweb\/?product=sapato-social-oxford-de-couro\"><span style=\"color: #0000ff\">preto<\/span><\/a> at\u00e9 os tons<span style=\"color: #0000ff\"> <a style=\"color: #0000ff\" href=\"https:\/\/augustocamiseiro.com\/lojaweb\/?product=sapato-oxford-camurca-caramelo\">whisky<\/a><\/span> ou<span style=\"color: #0000ff\"> <a style=\"color: #0000ff\" href=\"https:\/\/augustocamiseiro.com\/lojaweb\/?product=mocassim-couro-camurca-cafe\">caf\u00e9.<\/a><\/span><\/p>\n<p>Em resumo, a cal\u00e7a social alfaiataria cinza claro\u00a0 \u00e9 um item muito interessante para qualquer guarda roupa masculino.<\/p>\n<p>Devido \u00e0 sua versatilidade e \u00e0 sua qualidade.<\/p>\n<p>&nbsp;<\/p>\n<p>ESTA PE\u00c7A VAI SEM A BARRA COSTURADA.<\/p>\n<p>\u00c9 NECESS\u00c1RIO AJUST\u00c1-LA CONFORME SUA ALTURA.<\/p>\n<p>ESTA PE\u00c7A REQUER LAVAGEM A SECO.<\/p>\n","protected":false},"excerpt":{"rendered":"<p>cal\u00e7a alfaiataria cinza de l\u00e3 fria super 120.<\/p>\n","protected":false},"featured_media":42012,"comment_status":"open","ping_status":"closed","template":"","meta":{"_acf_changed":false},"product_brand":[],"product_cat":[362,445],"product_tag":[358,928,929,930,360,361,363],"class_list":{"0":"post-21797","1":"product","2":"type-product","3":"status-publish","4":"has-post-thumbnail","6":"product_cat-calcas","7":"product_cat-dias-dos-pais","8":"product_tag-calca-alfaiataria","9":"product_tag-calca-cinza","10":"product_tag-calca-cinza-alfaiataria","11":"product_tag-calca-social-cinza","12":"product_tag-calca-de-la-fria","13":"product_tag-calca-social","14":"product_tag-super120","16":"first","17":"instock","18":"taxable","19":"shipping-taxable","20":"purchasable","21":"product-type-variable"},"acf":[],"yoast_head":"<!-- This site is optimized with the Yoast SEO plugin v25.3.1 - https:\/\/yoast.com\/wordpress\/plugins\/seo\/ -->\n<title>Cal\u00e7a Alfaiataria Super 120 Cinza - Augusto Camiseiro<\/title>\n<meta name=\"description\" content=\"Cal\u00e7a social cinza alfaiataria Super 120 . Forrada at\u00e9 o joelho. Op\u00e7\u00e3o slimfit. Cal\u00e7a sem pregas .Op\u00e7\u00e3o para ambientes profissionais.\" \/>\n<meta name=\"robots\" content=\"index, follow, max-snippet:-1, max-image-preview:large, max-video-preview:-1\" \/>\n<link rel=\"canonical\" href=\"https:\/\/augustocamiseiro.com\/lojaweb\/produto\/calca-alfaiataria-super-120-cinza\/\" \/>\n<meta property=\"og:locale\" content=\"pt_BR\" \/>\n<meta property=\"og:type\" content=\"article\" \/>\n<meta property=\"og:title\" content=\"Cal\u00e7a Alfaiataria Super 120 Cinza - Augusto Camiseiro\" \/>\n<meta property=\"og:description\" content=\"Cal\u00e7a social cinza alfaiataria Super 120 . Forrada at\u00e9 o joelho. Op\u00e7\u00e3o slimfit. Cal\u00e7a sem pregas .Op\u00e7\u00e3o para ambientes profissionais.\" \/>\n<meta property=\"og:url\" content=\"https:\/\/augustocamiseiro.com\/lojaweb\/produto\/calca-alfaiataria-super-120-cinza\/\" \/>\n<meta property=\"og:site_name\" content=\"Augusto Camiseiro\" \/>\n<meta property=\"article:modified_time\" content=\"2026-04-15T20:39:26+00:00\" \/>\n<meta property=\"og:image\" content=\"https:\/\/augustocamiseiro.com\/lojaweb\/wp-content\/uploads\/2024\/09\/jpeg-optimizer_CALCA-LA-FRIA-CINZA-CAMBRAIA-3180-1.jpg\" \/>\n\t<meta property=\"og:image:width\" content=\"960\" \/>\n\t<meta property=\"og:image:height\" content=\"1200\" \/>\n\t<meta property=\"og:image:type\" content=\"image\/jpeg\" \/>\n<meta name=\"twitter:card\" content=\"summary_large_image\" \/>\n<meta name=\"twitter:label1\" content=\"Est. tempo de leitura\" \/>\n\t<meta name=\"twitter:data1\" content=\"2 minutos\" \/>\n<!-- \/ Yoast SEO plugin. -->","yoast_head_json":{"title":"Cal\u00e7a Alfaiataria Super 120 Cinza - Augusto Camiseiro","description":"Cal\u00e7a social cinza alfaiataria Super 120 . Forrada at\u00e9 o joelho. Op\u00e7\u00e3o slimfit. Cal\u00e7a sem pregas .Op\u00e7\u00e3o para ambientes profissionais.","robots":{"index":"index","follow":"follow","max-snippet":"max-snippet:-1","max-image-preview":"max-image-preview:large","max-video-preview":"max-video-preview:-1"},"canonical":"https:\/\/augustocamiseiro.com\/lojaweb\/produto\/calca-alfaiataria-super-120-cinza\/","og_locale":"pt_BR","og_type":"article","og_title":"Cal\u00e7a Alfaiataria Super 120 Cinza - Augusto Camiseiro","og_description":"Cal\u00e7a social cinza alfaiataria Super 120 . Forrada at\u00e9 o joelho. Op\u00e7\u00e3o slimfit. Cal\u00e7a sem pregas .Op\u00e7\u00e3o para ambientes profissionais.","og_url":"https:\/\/augustocamiseiro.com\/lojaweb\/produto\/calca-alfaiataria-super-120-cinza\/","og_site_name":"Augusto Camiseiro","article_modified_time":"2026-04-15T20:39:26+00:00","og_image":[{"width":960,"height":1200,"url":"https:\/\/augustocamiseiro.com\/lojaweb\/wp-content\/uploads\/2024\/09\/jpeg-optimizer_CALCA-LA-FRIA-CINZA-CAMBRAIA-3180-1.jpg","type":"image\/jpeg"}],"twitter_card":"summary_large_image","twitter_misc":{"Est. tempo de leitura":"2 minutos"},"schema":{"@context":"https:\/\/schema.org","@graph":[{"@type":"WebPage","@id":"https:\/\/augustocamiseiro.com\/lojaweb\/produto\/calca-alfaiataria-super-120-cinza\/","url":"https:\/\/augustocamiseiro.com\/lojaweb\/produto\/calca-alfaiataria-super-120-cinza\/","name":"Cal\u00e7a Alfaiataria Super 120 Cinza - Augusto Camiseiro","isPartOf":{"@id":"https:\/\/augustocamiseiro.com\/lojaweb\/#website"},"primaryImageOfPage":{"@id":"https:\/\/augustocamiseiro.com\/lojaweb\/produto\/calca-alfaiataria-super-120-cinza\/#primaryimage"},"image":{"@id":"https:\/\/augustocamiseiro.com\/lojaweb\/produto\/calca-alfaiataria-super-120-cinza\/#primaryimage"},"thumbnailUrl":"https:\/\/i0.wp.com\/augustocamiseiro.com\/lojaweb\/wp-content\/uploads\/2024\/09\/jpeg-optimizer_CALCA-LA-FRIA-CINZA-CAMBRAIA-3180-1.jpg?fit=960%2C1200&ssl=1","datePublished":"2024-09-09T22:53:06+00:00","dateModified":"2026-04-15T20:39:26+00:00","description":"Cal\u00e7a social cinza alfaiataria Super 120 . Forrada at\u00e9 o joelho. Op\u00e7\u00e3o slimfit. Cal\u00e7a sem pregas .Op\u00e7\u00e3o para ambientes profissionais.","breadcrumb":{"@id":"https:\/\/augustocamiseiro.com\/lojaweb\/produto\/calca-alfaiataria-super-120-cinza\/#breadcrumb"},"inLanguage":"pt-BR","potentialAction":[{"@type":"ReadAction","target":["https:\/\/augustocamiseiro.com\/lojaweb\/produto\/calca-alfaiataria-super-120-cinza\/"]}]},{"@type":"ImageObject","inLanguage":"pt-BR","@id":"https:\/\/augustocamiseiro.com\/lojaweb\/produto\/calca-alfaiataria-super-120-cinza\/#primaryimage","url":"https:\/\/i0.wp.com\/augustocamiseiro.com\/lojaweb\/wp-content\/uploads\/2024\/09\/jpeg-optimizer_CALCA-LA-FRIA-CINZA-CAMBRAIA-3180-1.jpg?fit=960%2C1200&ssl=1","contentUrl":"https:\/\/i0.wp.com\/augustocamiseiro.com\/lojaweb\/wp-content\/uploads\/2024\/09\/jpeg-optimizer_CALCA-LA-FRIA-CINZA-CAMBRAIA-3180-1.jpg?fit=960%2C1200&ssl=1","width":960,"height":1200,"caption":"CAL\u00c7A L\u00c3 FRIA"},{"@type":"BreadcrumbList","@id":"https:\/\/augustocamiseiro.com\/lojaweb\/produto\/calca-alfaiataria-super-120-cinza\/#breadcrumb","itemListElement":[{"@type":"ListItem","position":1,"name":"In\u00edcio","item":"https:\/\/augustocamiseiro.com\/lojaweb\/"},{"@type":"ListItem","position":2,"name":"Shop","item":"https:\/\/augustocamiseiro.com\/lojaweb\/shop\/"},{"@type":"ListItem","position":3,"name":"Cal\u00e7a Alfaiataria Super 120 Cinza"}]},{"@type":"WebSite","@id":"https:\/\/augustocamiseiro.com\/lojaweb\/#website","url":"https:\/\/augustocamiseiro.com\/lojaweb\/","name":"Augusto Camiseiro","description":"Roupa Masculina","publisher":{"@id":"https:\/\/augustocamiseiro.com\/lojaweb\/#organization"},"potentialAction":[{"@type":"SearchAction","target":{"@type":"EntryPoint","urlTemplate":"https:\/\/augustocamiseiro.com\/lojaweb\/?s={search_term_string}"},"query-input":{"@type":"PropertyValueSpecification","valueRequired":true,"valueName":"search_term_string"}}],"inLanguage":"pt-BR"},{"@type":"Organization","@id":"https:\/\/augustocamiseiro.com\/lojaweb\/#organization","name":"Augusto Camiseiro","url":"https:\/\/augustocamiseiro.com\/lojaweb\/","logo":{"@type":"ImageObject","inLanguage":"pt-BR","@id":"https:\/\/augustocamiseiro.com\/lojaweb\/#\/schema\/logo\/image\/","url":"https:\/\/i0.wp.com\/augustocamiseiro.com\/lojaweb\/wp-content\/uploads\/2024\/04\/cropped-logo-augusto-white-1.png?fit=550%2C310&ssl=1","contentUrl":"https:\/\/i0.wp.com\/augustocamiseiro.com\/lojaweb\/wp-content\/uploads\/2024\/04\/cropped-logo-augusto-white-1.png?fit=550%2C310&ssl=1","width":550,"height":310,"caption":"Augusto Camiseiro"},"image":{"@id":"https:\/\/augustocamiseiro.com\/lojaweb\/#\/schema\/logo\/image\/"}}]}},"jetpack_sharing_enabled":true,"_links":{"self":[{"href":"https:\/\/augustocamiseiro.com\/lojaweb\/wp-json\/wp\/v2\/product\/21797","targetHints":{"allow":["GET"]}}],"collection":[{"href":"https:\/\/augustocamiseiro.com\/lojaweb\/wp-json\/wp\/v2\/product"}],"about":[{"href":"https:\/\/augustocamiseiro.com\/lojaweb\/wp-json\/wp\/v2\/types\/product"}],"replies":[{"embeddable":true,"href":"https:\/\/augustocamiseiro.com\/lojaweb\/wp-json\/wp\/v2\/comments?post=21797"}],"wp:featuredmedia":[{"embeddable":true,"href":"https:\/\/augustocamiseiro.com\/lojaweb\/wp-json\/wp\/v2\/media\/42012"}],"wp:attachment":[{"href":"https:\/\/augustocamiseiro.com\/lojaweb\/wp-json\/wp\/v2\/media?parent=21797"}],"wp:term":[{"taxonomy":"product_brand","embeddable":true,"href":"https:\/\/augustocamiseiro.com\/lojaweb\/wp-json\/wp\/v2\/product_brand?post=21797"},{"taxonomy":"product_cat","embeddable":true,"href":"https:\/\/augustocamiseiro.com\/lojaweb\/wp-json\/wp\/v2\/product_cat?post=21797"},{"taxonomy":"product_tag","embeddable":true,"href":"https:\/\/augustocamiseiro.com\/lojaweb\/wp-json\/wp\/v2\/product_tag?post=21797"}],"curies":[{"name":"wp","href":"https:\/\/api.w.org\/{rel}","templated":true}]}}