{"id":21532,"date":"2024-04-18T22:42:43","date_gmt":"2024-04-18T22:42:43","guid":{"rendered":"https:\/\/bsit.com.br\/loja\/?post_type=product&#038;p=21532"},"modified":"2026-04-20T21:02:04","modified_gmt":"2026-04-20T21:02:04","slug":"mocassim-couro-social-artesanal-2","status":"publish","type":"product","link":"https:\/\/augustocamiseiro.com\/lojaweb\/produto\/mocassim-couro-social-artesanal-2\/","title":{"rendered":"Mocassim Couro Social Artesanal"},"content":{"rendered":"<div style=\"text-align: left;\">O mocassim\u00a0 couro social artesanal \u00e9 um sapato social de couro nobre\u00a0 todo feito a m\u00e3o .<\/div>\n<div style=\"text-align: left;\">Este \u00e9 um sapato absolutamente todo feito de couro , desde o\u00a0 solado at\u00e9 o forro interno sem emendas de couro mesti\u00e7o.<\/div>\n<div>Ali\u00e1s, o aparecimento de pequenas rachaduras em locais de muita solicita\u00e7\u00e3o, al\u00e9m de pequenas veias ou marcas \u00e9 normal, justamente devido a ser feito de couro leg\u00edtimo.<\/div>\n<div>Entretanto \u00e9 possivel adaptar um revestimento de borracha na sola, se preferir, para firmar a pisada.<\/div>\n<div>Al\u00e9m disso, \u00e9 um sapato trabalhado somente na m\u00e3o, n\u00e3o prensado e sem maquin\u00e1rio industrial.<\/div>\n<div>Em resumo, uma pequena obra de arte fabricada aqui no Brasil. E que vai te acompanhar por muitos anos\u00a0 com muito conforto.<\/div>\n<div><\/div>\n<h4><strong>\u00a0\u00a0\u00a0\u00a0\u00a0\u00a0\u00a0\u00a0\u00a0\u00a0 Usos e looks\u00a0 ( preto )<br \/>\n<\/strong><\/h4>\n<div><\/div>\n<div>Devido \u00e0 sua frente desenhada em cara de gato, este \u00e9 um sapato cl\u00e1ssico.<\/div>\n<div>Cabe perfeitamente em ambientes profissionais, assim como uso mais casual.<\/div>\n<div>E antes de tudo d\u00ea preferencia \u00e0s cal\u00e7as<a href=\"https:\/\/augustocamiseiro.com\/lojaweb\/?product=calca-moletom-preta\"><span style=\"color: #0000ff;\"> pretas<\/span>,<\/a> <a href=\"https:\/\/augustocamiseiro.com\/lojaweb\/?product=calca-moletom-cinza-elastano\"><span style=\"color: #0000ff;\">cinzas<\/span><\/a> ou <a href=\"https:\/\/augustocamiseiro.com\/lojaweb\/?product=calca-alfaiataria-azul-marinho\"><span style=\"color: #0000ff;\">azuis.<\/span>\u00a0 <\/a><\/div>\n<div>Um mocassim\u00a0 couro social artesanal\u00a0 \u00e9 um sapato perfeito para este <a href=\"https:\/\/www.instagram.com\/p\/BxlA6cQnXDG\/\"><span style=\"color: #0000ff;\">visual<\/span>.<\/a><\/div>\n<div><\/div>\n<h4>\u00a0\u00a0\u00a0\u00a0\u00a0\u00a0 <strong>Usos e looks\u00a0 ( whisky)<\/strong><\/h4>\n<div><\/div>\n<div>\n<div>Devido \u00e0 sua frente desenhada em cara de gato, este \u00e9 um sapato cl\u00e1ssico.<\/div>\n<div>Cabe perfeitamente em ambientes profissionais montando visuais bem diferenciados, assim como uso mais casual.<\/div>\n<div>E antes de tudo d\u00ea preferencia \u00e0s cal\u00e7as<span style=\"color: #0000ff;\"><a style=\"color: #0000ff;\" href=\"https:\/\/augustocamiseiro.com\/lojaweb\/?product=calca-alfaiataria-bege-escura-la-fria\"> beges,<\/a><\/span> mas tamb\u00e9m\u00a0 <a href=\"https:\/\/augustocamiseiro.com\/lojaweb\/?product=calca-moletom-cinza-elastano\"><span style=\"color: #0000ff;\">cinzas<\/span><\/a> ou <a href=\"https:\/\/augustocamiseiro.com\/lojaweb\/?product=calca-alfaiataria-azul-marinho\"><span style=\"color: #0000ff;\">azuis<\/span><\/a><a href=\"https:\/\/www.augustocamiseiro.com\/lojaweb\/product\/calca-alfaiataria-azul-marinho\/\"><span style=\"color: #0000ff;\">,<\/span><\/a> que comp\u00f5e um visual bem moderno.<\/div>\n<div>Um mocassim couro \u00e9 um sapato perfeito para este<span style=\"color: #0000ff;\"> <a style=\"color: #0000ff;\" href=\"https:\/\/www.instagram.com\/p\/Bvukp4UAvFf\/\">visual<\/a><\/span> ou at\u00e9 este <a href=\"https:\/\/www.instagram.com\/p\/CLuqIitp-we\/\"><span style=\"color: #0000ff;\">outro.\u00a0<\/span><\/a><\/div>\n<div><\/div>\n<\/div>\n<h4>\u00a0\u00a0\u00a0\u00a0\u00a0\u00a0\u00a0<strong> Tabela de medidas<\/strong><\/h4>\n<div><\/div>\n<div>Para ajudar na compra deste sapato sugerimos que me\u00e7a seu p\u00e9. Isso pode ser feito desenhando seu p\u00e9 em uma folha de papel e medindo seu comprimento. Multiplicando esse valor por 1,5 gera o seu n\u00famero de sapato, por\u00e9m atente para suas particularidades como p\u00e9 mais alto ou mais largo.<\/div>\n<div><\/div>\n<div><\/div>\n<div><\/div>\n<h4 style=\"padding-left: 40px;\"><strong>Dicas de conserva\u00e7\u00e3o<\/strong><\/h4>\n<div><\/div>\n<ul style=\"list-style-type: circle;\">\n<li>Use cal\u00e7adeiras para evitar a deforma\u00e7\u00e3o do contraforte do sapato.<\/li>\n<li>Se poss\u00edvel n\u00e3o use o sapato dois dias seguidos, evitando assim que o suor danifique seu sapato.<\/li>\n<li>Caso sapato molhe deixe secando na sombra, nunca pr\u00f3ximo a fontes de calor.<\/li>\n<li>Para limpar ou lustrar seu sapato use uma flanela seca limpa ou escovas apropriadas.<\/li>\n<li>Caso deseje usar cremes ou pastas, prefira os naturais e incolores, ademais n\u00e3o use brilhos instant\u00e2neos.<\/li>\n<\/ul>\n<div><\/div>\n<div><\/div>\n","protected":false},"excerpt":{"rendered":"<p>Mocassim de couro\u00a0 preto feito todo a m\u00e3o . Com certeza o melhor sapato feito no Brasil\u00a0 nos\u00a0 moldes do mais puro artesanato .<\/p>\n","protected":false},"featured_media":21695,"comment_status":"open","ping_status":"closed","template":"","meta":{"_acf_changed":false},"product_brand":[],"product_cat":[318],"product_tag":[625,836,837,648,323,333],"class_list":{"0":"post-21532","1":"product","2":"type-product","3":"status-publish","4":"has-post-thumbnail","6":"product_cat-sapatos-sociais-artesanais","7":"product_tag-mocassim","8":"product_tag-mocassim-couro","9":"product_tag-mocassim-couro-social","10":"product_tag-mocassim-social","11":"product_tag-sapato-artesanal","12":"product_tag-sapato-feito-a-mao","14":"first","15":"instock","16":"shipping-taxable","17":"purchasable","18":"product-type-variable","19":"has-default-attributes"},"acf":[],"yoast_head":"<!-- This site is optimized with the Yoast SEO plugin v25.3.1 - https:\/\/yoast.com\/wordpress\/plugins\/seo\/ -->\n<title>Mocassim Couro Social Artesanal - Augusto Camiseiro<\/title>\n<meta name=\"description\" content=\"Mocassim Couro Social Artesanal. Sapato feito totalmete a m\u00e3o. Forro interno em couro mesti\u00e7o e sola de couro. Um cl\u00e1ssico muito vers\u00e1til.\" \/>\n<meta name=\"robots\" content=\"index, follow, max-snippet:-1, max-image-preview:large, max-video-preview:-1\" \/>\n<link rel=\"canonical\" href=\"https:\/\/augustocamiseiro.com\/lojaweb\/produto\/mocassim-couro-social-artesanal-2\/\" \/>\n<meta property=\"og:locale\" content=\"pt_BR\" \/>\n<meta property=\"og:type\" content=\"article\" \/>\n<meta property=\"og:title\" content=\"Mocassim Couro Social Artesanal - Augusto Camiseiro\" \/>\n<meta property=\"og:description\" content=\"Mocassim Couro Social Artesanal. Sapato feito totalmete a m\u00e3o. Forro interno em couro mesti\u00e7o e sola de couro. Um cl\u00e1ssico muito vers\u00e1til.\" \/>\n<meta property=\"og:url\" content=\"https:\/\/augustocamiseiro.com\/lojaweb\/produto\/mocassim-couro-social-artesanal-2\/\" \/>\n<meta property=\"og:site_name\" content=\"Augusto Camiseiro\" \/>\n<meta property=\"article:modified_time\" content=\"2026-04-20T21:02:04+00:00\" \/>\n<meta property=\"og:image\" content=\"https:\/\/augustocamiseiro.com\/lojaweb\/wp-content\/uploads\/2024\/04\/mocassim_couro_social_preto.jpg\" \/>\n\t<meta property=\"og:image:width\" content=\"1000\" \/>\n\t<meta property=\"og:image:height\" content=\"1000\" \/>\n\t<meta property=\"og:image:type\" content=\"image\/jpeg\" \/>\n<meta name=\"twitter:card\" content=\"summary_large_image\" \/>\n<meta name=\"twitter:label1\" content=\"Est. tempo de leitura\" \/>\n\t<meta name=\"twitter:data1\" content=\"3 minutos\" \/>\n<!-- \/ Yoast SEO plugin. -->","yoast_head_json":{"title":"Mocassim Couro Social Artesanal - Augusto Camiseiro","description":"Mocassim Couro Social Artesanal. Sapato feito totalmete a m\u00e3o. Forro interno em couro mesti\u00e7o e sola de couro. Um cl\u00e1ssico muito vers\u00e1til.","robots":{"index":"index","follow":"follow","max-snippet":"max-snippet:-1","max-image-preview":"max-image-preview:large","max-video-preview":"max-video-preview:-1"},"canonical":"https:\/\/augustocamiseiro.com\/lojaweb\/produto\/mocassim-couro-social-artesanal-2\/","og_locale":"pt_BR","og_type":"article","og_title":"Mocassim Couro Social Artesanal - Augusto Camiseiro","og_description":"Mocassim Couro Social Artesanal. Sapato feito totalmete a m\u00e3o. Forro interno em couro mesti\u00e7o e sola de couro. Um cl\u00e1ssico muito vers\u00e1til.","og_url":"https:\/\/augustocamiseiro.com\/lojaweb\/produto\/mocassim-couro-social-artesanal-2\/","og_site_name":"Augusto Camiseiro","article_modified_time":"2026-04-20T21:02:04+00:00","og_image":[{"width":1000,"height":1000,"url":"https:\/\/augustocamiseiro.com\/lojaweb\/wp-content\/uploads\/2024\/04\/mocassim_couro_social_preto.jpg","type":"image\/jpeg"}],"twitter_card":"summary_large_image","twitter_misc":{"Est. tempo de leitura":"3 minutos"},"schema":{"@context":"https:\/\/schema.org","@graph":[{"@type":"WebPage","@id":"https:\/\/augustocamiseiro.com\/lojaweb\/produto\/mocassim-couro-social-artesanal-2\/","url":"https:\/\/augustocamiseiro.com\/lojaweb\/produto\/mocassim-couro-social-artesanal-2\/","name":"Mocassim Couro Social Artesanal - Augusto Camiseiro","isPartOf":{"@id":"https:\/\/augustocamiseiro.com\/lojaweb\/#website"},"primaryImageOfPage":{"@id":"https:\/\/augustocamiseiro.com\/lojaweb\/produto\/mocassim-couro-social-artesanal-2\/#primaryimage"},"image":{"@id":"https:\/\/augustocamiseiro.com\/lojaweb\/produto\/mocassim-couro-social-artesanal-2\/#primaryimage"},"thumbnailUrl":"https:\/\/i0.wp.com\/augustocamiseiro.com\/lojaweb\/wp-content\/uploads\/2024\/04\/mocassim_couro_social_preto.jpg?fit=1000%2C1000&ssl=1","datePublished":"2024-04-18T22:42:43+00:00","dateModified":"2026-04-20T21:02:04+00:00","description":"Mocassim Couro Social Artesanal. Sapato feito totalmete a m\u00e3o. Forro interno em couro mesti\u00e7o e sola de couro. Um cl\u00e1ssico muito vers\u00e1til.","breadcrumb":{"@id":"https:\/\/augustocamiseiro.com\/lojaweb\/produto\/mocassim-couro-social-artesanal-2\/#breadcrumb"},"inLanguage":"pt-BR","potentialAction":[{"@type":"ReadAction","target":["https:\/\/augustocamiseiro.com\/lojaweb\/produto\/mocassim-couro-social-artesanal-2\/"]}]},{"@type":"ImageObject","inLanguage":"pt-BR","@id":"https:\/\/augustocamiseiro.com\/lojaweb\/produto\/mocassim-couro-social-artesanal-2\/#primaryimage","url":"https:\/\/i0.wp.com\/augustocamiseiro.com\/lojaweb\/wp-content\/uploads\/2024\/04\/mocassim_couro_social_preto.jpg?fit=1000%2C1000&ssl=1","contentUrl":"https:\/\/i0.wp.com\/augustocamiseiro.com\/lojaweb\/wp-content\/uploads\/2024\/04\/mocassim_couro_social_preto.jpg?fit=1000%2C1000&ssl=1","width":1000,"height":1000,"caption":"Mocassim Couro Artesanal"},{"@type":"BreadcrumbList","@id":"https:\/\/augustocamiseiro.com\/lojaweb\/produto\/mocassim-couro-social-artesanal-2\/#breadcrumb","itemListElement":[{"@type":"ListItem","position":1,"name":"In\u00edcio","item":"https:\/\/augustocamiseiro.com\/lojaweb\/"},{"@type":"ListItem","position":2,"name":"Shop","item":"https:\/\/augustocamiseiro.com\/lojaweb\/shop\/"},{"@type":"ListItem","position":3,"name":"Mocassim Couro Social Artesanal"}]},{"@type":"WebSite","@id":"https:\/\/augustocamiseiro.com\/lojaweb\/#website","url":"https:\/\/augustocamiseiro.com\/lojaweb\/","name":"Augusto Camiseiro","description":"Roupa Masculina","publisher":{"@id":"https:\/\/augustocamiseiro.com\/lojaweb\/#organization"},"potentialAction":[{"@type":"SearchAction","target":{"@type":"EntryPoint","urlTemplate":"https:\/\/augustocamiseiro.com\/lojaweb\/?s={search_term_string}"},"query-input":{"@type":"PropertyValueSpecification","valueRequired":true,"valueName":"search_term_string"}}],"inLanguage":"pt-BR"},{"@type":"Organization","@id":"https:\/\/augustocamiseiro.com\/lojaweb\/#organization","name":"Augusto Camiseiro","url":"https:\/\/augustocamiseiro.com\/lojaweb\/","logo":{"@type":"ImageObject","inLanguage":"pt-BR","@id":"https:\/\/augustocamiseiro.com\/lojaweb\/#\/schema\/logo\/image\/","url":"https:\/\/i0.wp.com\/augustocamiseiro.com\/lojaweb\/wp-content\/uploads\/2024\/04\/cropped-logo-augusto-white-1.png?fit=550%2C310&ssl=1","contentUrl":"https:\/\/i0.wp.com\/augustocamiseiro.com\/lojaweb\/wp-content\/uploads\/2024\/04\/cropped-logo-augusto-white-1.png?fit=550%2C310&ssl=1","width":550,"height":310,"caption":"Augusto Camiseiro"},"image":{"@id":"https:\/\/augustocamiseiro.com\/lojaweb\/#\/schema\/logo\/image\/"}}]}},"jetpack_sharing_enabled":true,"_links":{"self":[{"href":"https:\/\/augustocamiseiro.com\/lojaweb\/wp-json\/wp\/v2\/product\/21532","targetHints":{"allow":["GET"]}}],"collection":[{"href":"https:\/\/augustocamiseiro.com\/lojaweb\/wp-json\/wp\/v2\/product"}],"about":[{"href":"https:\/\/augustocamiseiro.com\/lojaweb\/wp-json\/wp\/v2\/types\/product"}],"replies":[{"embeddable":true,"href":"https:\/\/augustocamiseiro.com\/lojaweb\/wp-json\/wp\/v2\/comments?post=21532"}],"wp:featuredmedia":[{"embeddable":true,"href":"https:\/\/augustocamiseiro.com\/lojaweb\/wp-json\/wp\/v2\/media\/21695"}],"wp:attachment":[{"href":"https:\/\/augustocamiseiro.com\/lojaweb\/wp-json\/wp\/v2\/media?parent=21532"}],"wp:term":[{"taxonomy":"product_brand","embeddable":true,"href":"https:\/\/augustocamiseiro.com\/lojaweb\/wp-json\/wp\/v2\/product_brand?post=21532"},{"taxonomy":"product_cat","embeddable":true,"href":"https:\/\/augustocamiseiro.com\/lojaweb\/wp-json\/wp\/v2\/product_cat?post=21532"},{"taxonomy":"product_tag","embeddable":true,"href":"https:\/\/augustocamiseiro.com\/lojaweb\/wp-json\/wp\/v2\/product_tag?post=21532"}],"curies":[{"name":"wp","href":"https:\/\/api.w.org\/{rel}","templated":true}]}}