{"id":40644,"date":"2024-04-30T13:46:54","date_gmt":"2024-04-30T13:46:54","guid":{"rendered":"https:\/\/bsit.com.br\/loja\/?page_id=40644"},"modified":"2024-04-30T14:13:16","modified_gmt":"2024-04-30T14:13:16","slug":"quem-somos","status":"publish","type":"page","link":"https:\/\/augustocamiseiro.com\/lojaweb\/quem-somos\/","title":{"rendered":"Quem Somos"},"content":{"rendered":"\t\t<div data-elementor-type=\"wp-page\" data-elementor-id=\"40644\" class=\"elementor elementor-40644\">\n\t\t\t\t\t\t<section class=\"elementor-section elementor-top-section elementor-element elementor-element-4e2bb5a rey-section-stretched elementor-section-boxed elementor-section-height-default elementor-section-height-default wpr-particle-no wpr-jarallax-no wpr-parallax-no wpr-sticky-section-no\" data-id=\"4e2bb5a\" data-element_type=\"section\">\n\t\t\t\t\t\t<div class=\"elementor-container elementor-column-gap-default\">\n\t\t\t\t\t<div class=\"elementor-column elementor-col-100 elementor-top-column elementor-element elementor-element-1cb0913\" data-id=\"1cb0913\" data-element_type=\"column\">\n\t\t\t<div class=\"elementor-column-wrap--1cb0913 elementor-widget-wrap elementor-element-populated\">\n\t\t\t\t\t\t<div class=\"elementor-element elementor-element-c212c94 elementor-widget elementor-widget-image\" data-id=\"c212c94\" data-element_type=\"widget\" data-widget_type=\"image.default\">\n\t\t\t\t<div class=\"elementor-widget-container\">\n\t\t\t\t\t\t\t\t\t\t\t\t\t\t\t<img fetchpriority=\"high\" decoding=\"async\" width=\"1833\" height=\"877\" src=\"https:\/\/i0.wp.com\/augustocamiseiro.com\/lojaweb\/wp-content\/uploads\/2024\/04\/nossa-loja.jpg?fit=1833%2C877&amp;ssl=1\" class=\"attachment-full size-full wp-image-40665\" alt=\"loja\" srcset=\"https:\/\/i0.wp.com\/augustocamiseiro.com\/lojaweb\/wp-content\/uploads\/2024\/04\/nossa-loja.jpg?w=1833&amp;ssl=1 1833w, https:\/\/i0.wp.com\/augustocamiseiro.com\/lojaweb\/wp-content\/uploads\/2024\/04\/nossa-loja.jpg?resize=300%2C144&amp;ssl=1 300w, https:\/\/i0.wp.com\/augustocamiseiro.com\/lojaweb\/wp-content\/uploads\/2024\/04\/nossa-loja.jpg?resize=1024%2C490&amp;ssl=1 1024w, https:\/\/i0.wp.com\/augustocamiseiro.com\/lojaweb\/wp-content\/uploads\/2024\/04\/nossa-loja.jpg?resize=768%2C367&amp;ssl=1 768w, https:\/\/i0.wp.com\/augustocamiseiro.com\/lojaweb\/wp-content\/uploads\/2024\/04\/nossa-loja.jpg?resize=1536%2C735&amp;ssl=1 1536w, https:\/\/i0.wp.com\/augustocamiseiro.com\/lojaweb\/wp-content\/uploads\/2024\/04\/nossa-loja.jpg?resize=800%2C383&amp;ssl=1 800w\" sizes=\"(max-width: 1410px) 100vw, 1410px\" \/>\t\t\t\t\t\t\t\t\t\t\t\t\t\t\t<\/div>\n\t\t\t\t<\/div>\n\t\t\t\t\t<\/div>\n\t\t<\/div>\n\t\t\t\t\t<\/div>\n\t\t<\/section>\n\t\t<div class=\"e-con-top elementor-element elementor-element-448fe7a e-con-full e-flex wpr-particle-no wpr-jarallax-no wpr-parallax-no wpr-sticky-section-no e-con e-parent\" data-id=\"448fe7a\" data-element_type=\"container\">\n\t\t\t\t<div class=\"elementor-element elementor-element-fd37026 elementor-widget elementor-widget-heading\" data-id=\"fd37026\" data-element_type=\"widget\" data-widget_type=\"heading.default\">\n\t\t\t\t<div class=\"elementor-widget-container\">\n\t\t\t\t\t<h1 class=\"elementor-heading-title elementor-size-default\">Augusto Camiseiro<\/h1>\t\t\t\t<\/div>\n\t\t\t\t<\/div>\n\t\t\t\t<div class=\"elementor-element elementor-element-32a3fb4 elementor-widget elementor-widget-text-editor\" data-id=\"32a3fb4\" data-element_type=\"widget\" data-widget_type=\"text-editor.default\">\n\t\t\t\t<div class=\"elementor-widget-container\">\n\t\t\t\t\t\t\t\t\t<div class=\"flex flex-grow flex-col max-w-full\"><div class=\"min-h-[20px] text-message flex flex-col items-start gap-3 whitespace-pre-wrap break-words [.text-message+&amp;]:mt-5 overflow-x-auto\" dir=\"auto\" data-message-author-role=\"assistant\" data-message-id=\"76166bb0-f072-456a-b899-dda6196b0143\"><div class=\"markdown prose w-full break-words dark:prose-invert dark\"><p>Com mais de 50 anos de tradi\u00e7\u00e3o na confec\u00e7\u00e3o de roupas sob medida, nossa empresa \u00e9 sin\u00f4nimo de excel\u00eancia e qualidade. Esses valores est\u00e3o enraizados em nosso DNA, refletindo-se em cada pe\u00e7a que produzimos. Comprometidos com a cria\u00e7\u00e3o de produtos diferenciados, mantemos margens reduzidas para oferecer pre\u00e7os acess\u00edveis.<\/p><p>H\u00e1 mais de cinco d\u00e9cadas, temos orgulhosamente servido com qualidade e comprometimento!<\/p><\/div><\/div><\/div>\t\t\t\t\t\t\t\t<\/div>\n\t\t\t\t<\/div>\n\t\t\t\t<\/div>\n\t\t<div class=\"e-con-top elementor-element elementor-element-aeb83e4 e-con-full e-flex wpr-particle-no wpr-jarallax-no wpr-parallax-no wpr-sticky-section-no e-con e-parent\" data-id=\"aeb83e4\" data-element_type=\"container\">\n\t\t\t\t<div class=\"elementor-element elementor-element-2e0a2be elementor-widget elementor-widget-heading\" data-id=\"2e0a2be\" data-element_type=\"widget\" data-widget_type=\"heading.default\">\n\t\t\t\t<div class=\"elementor-widget-container\">\n\t\t\t\t\t<h3 class=\"elementor-heading-title elementor-size-default\">Cole\u00e7\u00e3o Pronta-Entrega<\/h3>\t\t\t\t<\/div>\n\t\t\t\t<\/div>\n\t\t\t\t<div class=\"elementor-element elementor-element-da9a874 elementor-widget elementor-widget-text-editor\" data-id=\"da9a874\" data-element_type=\"widget\" data-widget_type=\"text-editor.default\">\n\t\t\t\t<div class=\"elementor-widget-container\">\n\t\t\t\t\t\t\t\t\t<div class=\"flex flex-grow flex-col max-w-full\"><div class=\"min-h-[20px] text-message flex flex-col items-start gap-3 whitespace-pre-wrap break-words [.text-message+&amp;]:mt-5 overflow-x-auto\" dir=\"auto\" data-message-author-role=\"assistant\" data-message-id=\"76166bb0-f072-456a-b899-dda6196b0143\"><div class=\"markdown prose w-full break-words dark:prose-invert dark\"><div class=\"elementor-element elementor-element-65cc2ea elementor-widget elementor-widget-text-editor\" data-id=\"65cc2ea\" data-element_type=\"widget\" data-widget_type=\"text-editor.default\"><div class=\"elementor-widget-container\"><div class=\"elementor-element elementor-element-65cc2ea elementor-widget elementor-widget-text-editor\" data-id=\"65cc2ea\" data-element_type=\"widget\" data-widget_type=\"text-editor.default\"><div class=\"elementor-widget-container\"><p>\u00c9 parte essencial de nossa trajet\u00f3ria agregar novos produtos com crit\u00e9rio e sucesso. Dentro dessa filosofia, h\u00e1 cinco anos, iniciamos uma linha de ternos, costumes, cal\u00e7as, blazers, sapatos e uma variedade de outros itens dispon\u00edveis para pronta-entrega.<\/p><p>Agora, com grande satisfa\u00e7\u00e3o, apresentamos essa cole\u00e7\u00e3o diretamente neste site de e-commerce, para que voc\u00ea tenha acesso \u00e0 nossa sele\u00e7\u00e3o exclusiva com facilidade e conveni\u00eancia.<\/p><\/div><\/div><\/div><\/div><\/div><\/div><\/div>\t\t\t\t\t\t\t\t<\/div>\n\t\t\t\t<\/div>\n\t\t\t\t<\/div>\n\t\t<div class=\"e-con-top elementor-element elementor-element-4c752b6 e-con-full e-flex wpr-particle-no wpr-jarallax-no wpr-parallax-no wpr-sticky-section-no e-con e-parent\" data-id=\"4c752b6\" data-element_type=\"container\">\n\t\t\t\t<div class=\"elementor-element elementor-element-c46ea94 elementor-widget elementor-widget-heading\" data-id=\"c46ea94\" data-element_type=\"widget\" data-widget_type=\"heading.default\">\n\t\t\t\t<div class=\"elementor-widget-container\">\n\t\t\t\t\t<h3 class=\"elementor-heading-title elementor-size-default\">Nosso Atendimento<\/h3>\t\t\t\t<\/div>\n\t\t\t\t<\/div>\n\t\t\t\t<div class=\"elementor-element elementor-element-2cbe3a7 elementor-widget elementor-widget-text-editor\" data-id=\"2cbe3a7\" data-element_type=\"widget\" data-widget_type=\"text-editor.default\">\n\t\t\t\t<div class=\"elementor-widget-container\">\n\t\t\t\t\t\t\t\t\t<div class=\"flex flex-grow flex-col max-w-full\"><div class=\"min-h-[20px] text-message flex flex-col items-start gap-3 whitespace-pre-wrap break-words [.text-message+&amp;]:mt-5 overflow-x-auto\" dir=\"auto\" data-message-author-role=\"assistant\" data-message-id=\"76166bb0-f072-456a-b899-dda6196b0143\"><div class=\"markdown prose w-full break-words dark:prose-invert dark\"><div class=\"elementor-element elementor-element-65cc2ea elementor-widget elementor-widget-text-editor\" data-id=\"65cc2ea\" data-element_type=\"widget\" data-widget_type=\"text-editor.default\"><div class=\"elementor-widget-container\"><div class=\"elementor-element elementor-element-65cc2ea elementor-widget elementor-widget-text-editor\" data-id=\"65cc2ea\" data-element_type=\"widget\" data-widget_type=\"text-editor.default\"><div class=\"elementor-widget-container\"><div class=\"elementor-element elementor-element-d9b0087 elementor-widget elementor-widget-text-editor\" data-id=\"d9b0087\" data-element_type=\"widget\" data-widget_type=\"text-editor.default\"><div class=\"elementor-widget-container\"><p>Independentemente do canal de comunica\u00e7\u00e3o utilizado, nosso compromisso com voc\u00ea permanece inabal\u00e1vel: cort\u00eas, atencioso e \u00e9tico. Este \u00e9 o padr\u00e3o que seguimos desde o in\u00edcio de nossa hist\u00f3ria, e \u00e9 com esse compromisso que nos dedicamos ao cliente.<\/p><p>Acreditamos profundamente em cultivar relacionamentos comerciais duradouros, onde ambas as partes saem ganhando. Estamos aqui para servir, comprometidos em proporcionar uma experi\u00eancia excepcional em cada intera\u00e7\u00e3o.<\/p><\/div><\/div><\/div><\/div><\/div><\/div><\/div><\/div><\/div>\t\t\t\t\t\t\t\t<\/div>\n\t\t\t\t<\/div>\n\t\t\t\t<\/div>\n\t\t<div class=\"e-con-top elementor-element elementor-element-88ddcc3 e-con-full e-flex wpr-particle-no wpr-jarallax-no wpr-parallax-no wpr-sticky-section-no e-con e-parent\" data-id=\"88ddcc3\" data-element_type=\"container\">\n\t\t\t\t<div class=\"elementor-element elementor-element-bbd6367 elementor-widget elementor-widget-heading\" data-id=\"bbd6367\" data-element_type=\"widget\" data-widget_type=\"heading.default\">\n\t\t\t\t<div class=\"elementor-widget-container\">\n\t\t\t\t\t<h3 class=\"elementor-heading-title elementor-size-default\">Sob Medida<\/h3>\t\t\t\t<\/div>\n\t\t\t\t<\/div>\n\t\t\t\t<div class=\"elementor-element elementor-element-6dee73a elementor-widget-divider--view-line elementor-widget elementor-widget-divider\" data-id=\"6dee73a\" data-element_type=\"widget\" data-widget_type=\"divider.default\">\n\t\t\t\t<div class=\"elementor-widget-container\">\n\t\t\t\t\t\t\t<div class=\"elementor-divider\">\n\t\t\t<span class=\"elementor-divider-separator\">\n\t\t\t\t\t\t<\/span>\n\t\t<\/div>\n\t\t\t\t\t\t<\/div>\n\t\t\t\t<\/div>\n\t\t\t\t<div class=\"elementor-element elementor-element-10f4666 elementor-widget elementor-widget-text-editor\" data-id=\"10f4666\" data-element_type=\"widget\" data-widget_type=\"text-editor.default\">\n\t\t\t\t<div class=\"elementor-widget-container\">\n\t\t\t\t\t\t\t\t\t<div class=\"flex flex-grow flex-col max-w-full\"><div class=\"min-h-[20px] text-message flex flex-col items-start gap-3 whitespace-pre-wrap break-words [.text-message+&amp;]:mt-5 overflow-x-auto\" dir=\"auto\" data-message-author-role=\"assistant\" data-message-id=\"76166bb0-f072-456a-b899-dda6196b0143\"><div class=\"markdown prose w-full break-words dark:prose-invert dark\"><div class=\"elementor-element elementor-element-65cc2ea elementor-widget elementor-widget-text-editor\" data-id=\"65cc2ea\" data-element_type=\"widget\" data-widget_type=\"text-editor.default\"><div class=\"elementor-widget-container\"><div class=\"elementor-element elementor-element-65cc2ea elementor-widget elementor-widget-text-editor\" data-id=\"65cc2ea\" data-element_type=\"widget\" data-widget_type=\"text-editor.default\"><div class=\"elementor-widget-container\"><div class=\"elementor-element elementor-element-d9b0087 elementor-widget elementor-widget-text-editor\" data-id=\"d9b0087\" data-element_type=\"widget\" data-widget_type=\"text-editor.default\"><div class=\"elementor-widget-container\"><div class=\"elementor-element elementor-element-ca5e862 elementor-widget elementor-widget-text-editor\" data-id=\"ca5e862\" data-element_type=\"widget\" data-widget_type=\"text-editor.default\"><div class=\"elementor-widget-container\"><p><em>Nossa cole\u00e7\u00e3o de pe\u00e7as sob medida representa a ess\u00eancia de nossa marca e oferece uma experi\u00eancia verdadeiramente \u00fanica!<\/em><\/p><p><em>Criamos camisas, cal\u00e7as, bermudas, pijamas, cuecas, roup\u00f5es, palet\u00f3s, coletes e sobretudos feitos sob medida. Em cada uma dessas pe\u00e7as, o cliente \u00e9 minuciosamente medido e tem total autonomia para escolher o estilo da roupa, desde os colarinhos e punhos at\u00e9 os bot\u00f5es, acabamentos, monogramas, lapelas, bolsos e todos os detalhes imagin\u00e1veis.<\/em><\/p><p><em>Um molde em tamanho real \u00e9 desenhado para cada parte da roupa, e uma primeira pe\u00e7a \u00e9 produzida para a prova. Durante essa prova, s\u00e3o feitos ajustes finais conforme necess\u00e1rio. Somente quando o cliente est\u00e1 completamente satisfeito com o resultado, as outras pe\u00e7as s\u00e3o fabricadas. No caso dos palet\u00f3s, o processo \u00e9 um pouco diferente, com a prova e os ajustes feitos com a roupa semi-confeccionada diretamente no corpo do cliente.<\/em><\/p><\/div><\/div><\/div><\/div><\/div><\/div><\/div><\/div><\/div><\/div><\/div>\t\t\t\t\t\t\t\t<\/div>\n\t\t\t\t<\/div>\n\t\t\t\t<\/div>\n\t\t\t\t<section class=\"elementor-section elementor-top-section elementor-element elementor-element-4295d44c rey-section-stretched elementor-section-boxed elementor-section-height-default elementor-section-height-default wpr-particle-no wpr-jarallax-no wpr-parallax-no wpr-sticky-section-no\" data-id=\"4295d44c\" data-element_type=\"section\">\n\t\t\t\t\t\t<div class=\"elementor-container elementor-column-gap-default\">\n\t\t\t\t\t<div class=\"elementor-column elementor-col-100 elementor-top-column elementor-element elementor-element-7ff7bcf4\" data-id=\"7ff7bcf4\" data-element_type=\"column\">\n\t\t\t<div class=\"elementor-column-wrap--7ff7bcf4 elementor-widget-wrap elementor-element-populated\">\n\t\t\t\t\t\t<div class=\"elementor-element elementor-element-6c7c4282 elementor-widget elementor-widget-image\" data-id=\"6c7c4282\" data-element_type=\"widget\" data-widget_type=\"image.default\">\n\t\t\t\t<div class=\"elementor-widget-container\">\n\t\t\t\t\t\t\t\t\t\t\t\t\t\t\t<img decoding=\"async\" width=\"1833\" height=\"877\" data-src=\"https:\/\/i0.wp.com\/augustocamiseiro.com\/lojaweb\/wp-content\/uploads\/2024\/04\/handmade-augusto.png?fit=1833%2C877&amp;ssl=1\" class=\"attachment-full size-full wp-image-40642 lazyload\" alt=\"feito a m\u00e3o\" data-srcset=\"https:\/\/i0.wp.com\/augustocamiseiro.com\/lojaweb\/wp-content\/uploads\/2024\/04\/handmade-augusto.png?w=1833&amp;ssl=1 1833w, https:\/\/i0.wp.com\/augustocamiseiro.com\/lojaweb\/wp-content\/uploads\/2024\/04\/handmade-augusto.png?resize=300%2C144&amp;ssl=1 300w, https:\/\/i0.wp.com\/augustocamiseiro.com\/lojaweb\/wp-content\/uploads\/2024\/04\/handmade-augusto.png?resize=1024%2C490&amp;ssl=1 1024w, https:\/\/i0.wp.com\/augustocamiseiro.com\/lojaweb\/wp-content\/uploads\/2024\/04\/handmade-augusto.png?resize=768%2C367&amp;ssl=1 768w, https:\/\/i0.wp.com\/augustocamiseiro.com\/lojaweb\/wp-content\/uploads\/2024\/04\/handmade-augusto.png?resize=1536%2C735&amp;ssl=1 1536w, https:\/\/i0.wp.com\/augustocamiseiro.com\/lojaweb\/wp-content\/uploads\/2024\/04\/handmade-augusto.png?resize=800%2C383&amp;ssl=1 800w\" data-sizes=\"(max-width: 1410px) 100vw, 1410px\" src=\"data:image\/gif;base64,R0lGODlhAQABAAAAACH5BAEKAAEALAAAAAABAAEAAAICTAEAOw==\" style=\"--smush-placeholder-width: 1833px; --smush-placeholder-aspect-ratio: 1833\/877;\" \/>\t\t\t\t\t\t\t\t\t\t\t\t\t\t\t<\/div>\n\t\t\t\t<\/div>\n\t\t\t\t\t<\/div>\n\t\t<\/div>\n\t\t\t\t\t<\/div>\n\t\t<\/section>\n\t\t\t\t<\/div>\n\t\t","protected":false},"excerpt":{"rendered":"<p>\/*! elementor &#8211; v3.21.0 &#8211; 25-04-2024 *\/ .elementor-widget-image{text-align:center}.elementor-widget-image a{display:inline-block}.elementor-widget-image a img[src$=&#8221;.svg&#8221;]{width:48px}.elementor-widget-image img{vertical-align:middle;display:inline-block} \/*! elementor &#8211; v3.21.0 &#8211; 25-04-2024 *\/ .elementor-heading-title{padding:0;margin:0;line-height:1}.elementor-widget-heading .elementor-heading-title[class*=elementor-size-]&gt;a{color:inherit;font-size:inherit;line-height:inherit}.elementor-widget-heading .elementor-heading-title.elementor-size-small{font-size:15px}.elementor-widget-heading .elementor-heading-title.elementor-size-medium{font-size:19px}.elementor-widget-heading .elementor-heading-title.elementor-size-large{font-size:29px}.elementor-widget-heading .elementor-heading-title.elementor-size-xl{font-size:39px}.elementor-widget-heading .elementor-heading-title.elementor-size-xxl{font-size:59px} Augusto Camiseiro Com mais de 50 anos de tradi\u00e7\u00e3o [&hellip;]<\/p>\n","protected":false},"author":2,"featured_media":0,"parent":0,"menu_order":0,"comment_status":"closed","ping_status":"closed","template":"template-builder.php","meta":{"_acf_changed":false,"footnotes":""},"class_list":["post-40644","page","type-page","status-publish","hentry"],"acf":[],"yoast_head":"<!-- This site is optimized with the Yoast SEO plugin v25.3.1 - https:\/\/yoast.com\/wordpress\/plugins\/seo\/ -->\n<title>Quem Somos - Augusto Camiseiro<\/title>\n<meta name=\"description\" content=\"Nossa empresa \u00e9 sin\u00f4nimo de excel\u00eancia e qualidade. Esses valores est\u00e3o enraizados em nosso DNA, refletindo-se em cada pe\u00e7a que produzimos.\" \/>\n<meta name=\"robots\" content=\"index, follow, max-snippet:-1, max-image-preview:large, max-video-preview:-1\" \/>\n<link rel=\"canonical\" href=\"https:\/\/augustocamiseiro.com\/lojaweb\/quem-somos\/\" \/>\n<meta property=\"og:locale\" content=\"pt_BR\" \/>\n<meta property=\"og:type\" content=\"article\" \/>\n<meta property=\"og:title\" content=\"Quem Somos - Augusto Camiseiro\" \/>\n<meta property=\"og:description\" content=\"Nossa empresa \u00e9 sin\u00f4nimo de excel\u00eancia e qualidade. Esses valores est\u00e3o enraizados em nosso DNA, refletindo-se em cada pe\u00e7a que produzimos.\" \/>\n<meta property=\"og:url\" content=\"https:\/\/augustocamiseiro.com\/lojaweb\/quem-somos\/\" \/>\n<meta property=\"og:site_name\" content=\"Augusto Camiseiro\" \/>\n<meta property=\"article:modified_time\" content=\"2024-04-30T14:13:16+00:00\" \/>\n<meta property=\"og:image\" content=\"https:\/\/augustocamiseiro.com\/lojaweb\/wp-content\/uploads\/2024\/04\/nossa-loja.jpg\" \/>\n<meta name=\"twitter:card\" content=\"summary_large_image\" \/>\n<meta name=\"twitter:label1\" content=\"Est. tempo de leitura\" \/>\n\t<meta name=\"twitter:data1\" content=\"3 minutos\" \/>\n<!-- \/ Yoast SEO plugin. -->","yoast_head_json":{"title":"Quem Somos - Augusto Camiseiro","description":"Nossa empresa \u00e9 sin\u00f4nimo de excel\u00eancia e qualidade. Esses valores est\u00e3o enraizados em nosso DNA, refletindo-se em cada pe\u00e7a que produzimos.","robots":{"index":"index","follow":"follow","max-snippet":"max-snippet:-1","max-image-preview":"max-image-preview:large","max-video-preview":"max-video-preview:-1"},"canonical":"https:\/\/augustocamiseiro.com\/lojaweb\/quem-somos\/","og_locale":"pt_BR","og_type":"article","og_title":"Quem Somos - Augusto Camiseiro","og_description":"Nossa empresa \u00e9 sin\u00f4nimo de excel\u00eancia e qualidade. Esses valores est\u00e3o enraizados em nosso DNA, refletindo-se em cada pe\u00e7a que produzimos.","og_url":"https:\/\/augustocamiseiro.com\/lojaweb\/quem-somos\/","og_site_name":"Augusto Camiseiro","article_modified_time":"2024-04-30T14:13:16+00:00","og_image":[{"url":"https:\/\/augustocamiseiro.com\/lojaweb\/wp-content\/uploads\/2024\/04\/nossa-loja.jpg","type":"","width":"","height":""}],"twitter_card":"summary_large_image","twitter_misc":{"Est. tempo de leitura":"3 minutos"},"schema":{"@context":"https:\/\/schema.org","@graph":[{"@type":"WebPage","@id":"https:\/\/augustocamiseiro.com\/lojaweb\/quem-somos\/","url":"https:\/\/augustocamiseiro.com\/lojaweb\/quem-somos\/","name":"Quem Somos - Augusto Camiseiro","isPartOf":{"@id":"https:\/\/augustocamiseiro.com\/lojaweb\/#website"},"primaryImageOfPage":{"@id":"https:\/\/augustocamiseiro.com\/lojaweb\/quem-somos\/#primaryimage"},"image":{"@id":"https:\/\/augustocamiseiro.com\/lojaweb\/quem-somos\/#primaryimage"},"thumbnailUrl":"https:\/\/augustocamiseiro.com\/lojaweb\/wp-content\/uploads\/2024\/04\/nossa-loja.jpg","datePublished":"2024-04-30T13:46:54+00:00","dateModified":"2024-04-30T14:13:16+00:00","description":"Nossa empresa \u00e9 sin\u00f4nimo de excel\u00eancia e qualidade. Esses valores est\u00e3o enraizados em nosso DNA, refletindo-se em cada pe\u00e7a que produzimos.","breadcrumb":{"@id":"https:\/\/augustocamiseiro.com\/lojaweb\/quem-somos\/#breadcrumb"},"inLanguage":"pt-BR","potentialAction":[{"@type":"ReadAction","target":["https:\/\/augustocamiseiro.com\/lojaweb\/quem-somos\/"]}]},{"@type":"ImageObject","inLanguage":"pt-BR","@id":"https:\/\/augustocamiseiro.com\/lojaweb\/quem-somos\/#primaryimage","url":"https:\/\/i0.wp.com\/augustocamiseiro.com\/lojaweb\/wp-content\/uploads\/2024\/04\/nossa-loja.jpg?fit=1833%2C877&ssl=1","contentUrl":"https:\/\/i0.wp.com\/augustocamiseiro.com\/lojaweb\/wp-content\/uploads\/2024\/04\/nossa-loja.jpg?fit=1833%2C877&ssl=1","width":1833,"height":877,"caption":"loja"},{"@type":"BreadcrumbList","@id":"https:\/\/augustocamiseiro.com\/lojaweb\/quem-somos\/#breadcrumb","itemListElement":[{"@type":"ListItem","position":1,"name":"In\u00edcio","item":"https:\/\/augustocamiseiro.com\/lojaweb\/"},{"@type":"ListItem","position":2,"name":"Quem Somos"}]},{"@type":"WebSite","@id":"https:\/\/augustocamiseiro.com\/lojaweb\/#website","url":"https:\/\/augustocamiseiro.com\/lojaweb\/","name":"Augusto Camiseiro","description":"Roupa Masculina","publisher":{"@id":"https:\/\/augustocamiseiro.com\/lojaweb\/#organization"},"potentialAction":[{"@type":"SearchAction","target":{"@type":"EntryPoint","urlTemplate":"https:\/\/augustocamiseiro.com\/lojaweb\/?s={search_term_string}"},"query-input":{"@type":"PropertyValueSpecification","valueRequired":true,"valueName":"search_term_string"}}],"inLanguage":"pt-BR"},{"@type":"Organization","@id":"https:\/\/augustocamiseiro.com\/lojaweb\/#organization","name":"Augusto Camiseiro","url":"https:\/\/augustocamiseiro.com\/lojaweb\/","logo":{"@type":"ImageObject","inLanguage":"pt-BR","@id":"https:\/\/augustocamiseiro.com\/lojaweb\/#\/schema\/logo\/image\/","url":"https:\/\/i0.wp.com\/augustocamiseiro.com\/lojaweb\/wp-content\/uploads\/2024\/04\/cropped-logo-augusto-white-1.png?fit=550%2C310&ssl=1","contentUrl":"https:\/\/i0.wp.com\/augustocamiseiro.com\/lojaweb\/wp-content\/uploads\/2024\/04\/cropped-logo-augusto-white-1.png?fit=550%2C310&ssl=1","width":550,"height":310,"caption":"Augusto Camiseiro"},"image":{"@id":"https:\/\/augustocamiseiro.com\/lojaweb\/#\/schema\/logo\/image\/"}}]}},"jetpack_sharing_enabled":true,"_links":{"self":[{"href":"https:\/\/augustocamiseiro.com\/lojaweb\/wp-json\/wp\/v2\/pages\/40644","targetHints":{"allow":["GET"]}}],"collection":[{"href":"https:\/\/augustocamiseiro.com\/lojaweb\/wp-json\/wp\/v2\/pages"}],"about":[{"href":"https:\/\/augustocamiseiro.com\/lojaweb\/wp-json\/wp\/v2\/types\/page"}],"author":[{"embeddable":true,"href":"https:\/\/augustocamiseiro.com\/lojaweb\/wp-json\/wp\/v2\/users\/2"}],"replies":[{"embeddable":true,"href":"https:\/\/augustocamiseiro.com\/lojaweb\/wp-json\/wp\/v2\/comments?post=40644"}],"version-history":[{"count":0,"href":"https:\/\/augustocamiseiro.com\/lojaweb\/wp-json\/wp\/v2\/pages\/40644\/revisions"}],"wp:attachment":[{"href":"https:\/\/augustocamiseiro.com\/lojaweb\/wp-json\/wp\/v2\/media?parent=40644"}],"curies":[{"name":"wp","href":"https:\/\/api.w.org\/{rel}","templated":true}]}}